{"id":6157,"date":"2020-10-27T13:42:10","date_gmt":"2020-10-27T12:42:10","guid":{"rendered":"https:\/\/dev.kuken.es\/producto\/arrocera-kuken-con-accesorio-vapor-700w\/"},"modified":"2025-07-28T11:55:26","modified_gmt":"2025-07-28T09:55:26","slug":"panela-electrica-de-arroz-com-acessorio-de-vapor-700w","status":"publish","type":"product","link":"https:\/\/dev.kuken.es\/pt\/producto\/arrocera-electrica-con-accesorio-vapor-700w\/","title":{"rendered":"PANELA EL\u00c9CTRICA DE ARROZ COM ACESS\u00d3RIO DE VAPOR 700W"},"content":{"rendered":"<p>PANELA EL\u00c9CTRICA DE ARROZ COM ACESS\u00d3RIO DE VAPOR 700W<\/p>\n<ul data-start=\"542\" data-end=\"1205\">\n<li data-start=\"542\" data-end=\"639\">\n<p data-start=\"544\" data-end=\"639\">Capacidad de 1,8 litros: perfecta para preparaciones familiares o raciones generosas.<\/p>\n<\/li>\n<li data-start=\"640\" data-end=\"743\">\n<p data-start=\"642\" data-end=\"743\">Doble funci\u00f3n autom\u00e1tica: cocina y activa el modo mantener calor tras finalizar la cocci\u00f3n.<\/p>\n<\/li>\n<li data-start=\"744\" data-end=\"837\">\n<p data-start=\"746\" data-end=\"837\">Recipiente interior antiadherente: facilita el desmolde y simplifica la limpieza.<\/p>\n<\/li>\n<li data-start=\"838\" data-end=\"934\">\n<p data-start=\"840\" data-end=\"934\">Accesorio vaporera con asas: ideal para cocinar verduras u otros alimentos al vapor.<\/p>\n<\/li>\n<li data-start=\"935\" data-end=\"1027\">\n<p data-start=\"937\" data-end=\"1027\">Tapa de cristal con pomo: incluye v\u00e1lvula de salida de vapor para mayor control.<\/p>\n<\/li>\n<li data-start=\"1028\" data-end=\"1111\">\n<p data-start=\"1030\" data-end=\"1111\">Resistencia interior potente: garantiza una cocci\u00f3n r\u00e1pida y homog\u00e9nea.<\/p>\n<\/li>\n<li data-start=\"1112\" data-end=\"1205\">\n<p data-start=\"1114\" data-end=\"1205\">Accesorios incluidos: cuchara especial y vaso medidor para una dosificaci\u00f3n exacta.<\/p>\n<\/li>\n<\/ul>\n<p><div class=\"accordion\"><div class=\"mfn-acc accordion_wrapper  toggle\"><div class=\"question\"><div class=\"title\"><i class=\"icon-plus acc-icon-plus\" aria-hidden=\"true\"><\/i><i class=\"icon-minus acc-icon-minus\" aria-hidden=\"true\"><\/i>Dados do produto<\/div><div class=\"answer\">EAN: 8425160339500<\/p>\n<p>PANELA EL\u00c9CTRICA DE ARROZ COM ACESS\u00d3RIO DE VAPOR 700W<\/p>\n<p>Unidades: 1<br \/>\nCor: Branco<br \/>\nEmbalagem: Caixa colorida<br \/>\nPot\u00eancia: 700W<br \/>\nTens\u00e3o: 230V<br \/>\nCapacidade: 1,8 litros<br \/>\nBase antiderrapante: Sim<br \/>\nPeso: 2,3 kg<\/div><\/div>\n<\/div><\/div>\n<br \/>\n<div class=\"accordion\"><div class=\"mfn-acc accordion_wrapper  toggle\"><div class=\"question\"><div class=\"title\"><i class=\"icon-plus acc-icon-plus\" aria-hidden=\"true\"><\/i><i class=\"icon-minus acc-icon-minus\" aria-hidden=\"true\"><\/i>Acess\u00f3rios<\/div><div class=\"answer\"><\/div><\/div>\n<\/div><\/div>\n<\/p>\n<div class=\"descargas-producto\"><a href=\"\/wp-content\/uploads\/pdf\/8425160339500_ficha_tecnica.pdf\" target=\"_blank\" rel=\"noopener noreferrer\"><br \/>\n<img loading=\"lazy\" decoding=\"async\" src=\"\/wp-content\/uploads\/2019\/12\/picto-descarrega.png\" alt=\"descarregar ficha de dados\" width=\"23\" height=\"16\" \/>Descarregar ficha<\/a><br \/>\n<a href=\"\/wp-content\/uploads\/pdf\/33950_instrucciones-1.pdf\"><img loading=\"lazy\" decoding=\"async\" src=\"\/wp-content\/uploads\/2019\/12\/picto-descarrega.png\" alt=\"descarregar manual de instru\u00e7\u00f5es\" width=\"23\" height=\"16\" \/>Descarregar o manual<\/a><\/div>\n<div><\/div>\n<div><span style=\"color: #bf2121\">Siga-nos nas redes sociais!<\/span><\/div>\n<div><a href=\"https:\/\/www.instagram.com\/kuken_appliances\/\">https:\/\/www.instagram.com\/kuken_appliances\/<\/a><\/div>\n<div><\/div>","protected":false},"excerpt":{"rendered":"<p data-start=\"364\" data-end=\"504\">Cocina de forma pr\u00e1ctica y sin complicaciones. Ideal para preparar arroz y verduras al vapor con un solo equipo, r\u00e1pido, limpio y eficiente.<\/p>","protected":false},"featured_media":5613,"template":"","meta":{"rs_blank_template":"","rs_page_bg_color":"","slide_template_v7":""},"product_brand":[],"product_cat":[235],"product_tag":[],"class_list":{"0":"post-6157","1":"product","2":"type-product","3":"status-publish","4":"has-post-thumbnail","6":"product_cat-vaporeras-arroceras-pizzapanes","8":"first","9":"instock","10":"product-type-simple"},"yoast_head":"<!-- This site is optimized with the Yoast SEO Premium plugin v24.0 (Yoast SEO v27.3) - https:\/\/yoast.com\/product\/yoast-seo-premium-wordpress\/ -->\n<title>ARROCERA EL\u00c9CTRICA CON ACCESORIO VAPOR 700W - K\u00fcken<\/title>\n<meta name=\"description\" content=\"Arrocera el\u00e9ctrica k\u00fcken con accesorio para cocer al vapor. Cuece arroz de manera sencilla y r\u00e1pida mientras preparas tus verduras al vapor. Desc\u00fabrela.\" \/>\n<meta name=\"robots\" content=\"noindex, follow, max-snippet:-1, max-image-preview:large, max-video-preview:-1\" \/>\n<meta property=\"og:locale\" content=\"pt_PT\" \/>\n<meta property=\"og:type\" content=\"article\" \/>\n<meta property=\"og:title\" content=\"ARROCERA EL\u00c9CTRICA CON ACCESORIO VAPOR 700W\" \/>\n<meta property=\"og:description\" content=\"Arrocera el\u00e9ctrica k\u00fcken con accesorio para cocer al vapor. Cuece arroz de manera sencilla y r\u00e1pida mientras preparas tus verduras al vapor. Desc\u00fabrela.\" \/>\n<meta property=\"og:url\" content=\"https:\/\/dev.kuken.es\/pt\/produto\/panela-electrica-de-arroz-com-acessorio-de-vapor-700w\/\" \/>\n<meta property=\"og:site_name\" content=\"K\u00fcken\" \/>\n<meta property=\"article:publisher\" content=\"https:\/\/es-es.facebook.com\/alfadyser\/\" \/>\n<meta property=\"article:modified_time\" content=\"2025-07-28T09:55:26+00:00\" \/>\n<meta property=\"og:image\" content=\"https:\/\/dev.kuken.es\/wp-content\/uploads\/productos\/8425160339500_01.jpg\" \/>\n\t<meta property=\"og:image:width\" content=\"2000\" \/>\n\t<meta property=\"og:image:height\" content=\"2000\" \/>\n\t<meta property=\"og:image:type\" content=\"image\/jpeg\" \/>\n<meta name=\"twitter:card\" content=\"summary_large_image\" \/>\n<meta name=\"twitter:label1\" content=\"pre\u00e7o\" \/>\n\t<meta name=\"twitter:data1\" content=\"\" \/>\n\t<meta name=\"twitter:label2\" content=\"Disponibilidade\" \/>\n\t<meta name=\"twitter:data2\" content=\"Em stock\" \/>\n<script type=\"application\/ld+json\" class=\"yoast-schema-graph\">{\"@context\":\"https:\\\/\\\/schema.org\",\"@graph\":[{\"@type\":\"WebPage\",\"@id\":\"https:\\\/\\\/dev.kuken.es\\\/producto\\\/arrocera-electrica-con-accesorio-vapor-700w\\\/\",\"url\":\"https:\\\/\\\/dev.kuken.es\\\/producto\\\/arrocera-electrica-con-accesorio-vapor-700w\\\/\",\"name\":\"ARROCERA EL\u00c9CTRICA CON ACCESORIO VAPOR 700W - K\u00fcken\",\"isPartOf\":{\"@id\":\"https:\\\/\\\/dev.kuken.es\\\/#website\"},\"primaryImageOfPage\":{\"@id\":\"https:\\\/\\\/dev.kuken.es\\\/producto\\\/arrocera-electrica-con-accesorio-vapor-700w\\\/#primaryimage\"},\"image\":{\"@id\":\"https:\\\/\\\/dev.kuken.es\\\/producto\\\/arrocera-electrica-con-accesorio-vapor-700w\\\/#primaryimage\"},\"thumbnailUrl\":\"https:\\\/\\\/dev.kuken.es\\\/wp-content\\\/uploads\\\/productos\\\/8425160339500_01.jpg\",\"datePublished\":\"2020-10-27T12:42:10+00:00\",\"dateModified\":\"2025-07-28T09:55:26+00:00\",\"description\":\"Arrocera el\u00e9ctrica k\u00fcken con accesorio para cocer al vapor. Cuece arroz de manera sencilla y r\u00e1pida mientras preparas tus verduras al vapor. Desc\u00fabrela.\",\"breadcrumb\":{\"@id\":\"https:\\\/\\\/dev.kuken.es\\\/producto\\\/arrocera-electrica-con-accesorio-vapor-700w\\\/#breadcrumb\"},\"inLanguage\":\"pt-PT\",\"potentialAction\":[{\"@type\":\"ReadAction\",\"target\":[\"https:\\\/\\\/dev.kuken.es\\\/producto\\\/arrocera-electrica-con-accesorio-vapor-700w\\\/\"]}]},{\"@type\":\"ImageObject\",\"inLanguage\":\"pt-PT\",\"@id\":\"https:\\\/\\\/dev.kuken.es\\\/producto\\\/arrocera-electrica-con-accesorio-vapor-700w\\\/#primaryimage\",\"url\":\"https:\\\/\\\/dev.kuken.es\\\/wp-content\\\/uploads\\\/productos\\\/8425160339500_01.jpg\",\"contentUrl\":\"https:\\\/\\\/dev.kuken.es\\\/wp-content\\\/uploads\\\/productos\\\/8425160339500_01.jpg\",\"width\":2000,\"height\":2000,\"caption\":\"Arrocera el\u00e9ctrica kuken con accesorio vapor\"},{\"@type\":\"BreadcrumbList\",\"@id\":\"https:\\\/\\\/dev.kuken.es\\\/producto\\\/arrocera-electrica-con-accesorio-vapor-700w\\\/#breadcrumb\",\"itemListElement\":[{\"@type\":\"ListItem\",\"position\":1,\"name\":\"Portada\",\"item\":\"https:\\\/\\\/dev.kuken.es\\\/\"},{\"@type\":\"ListItem\",\"position\":2,\"name\":\"Productos\",\"item\":\"https:\\\/\\\/dev.kuken.es\\\/productos\\\/\"},{\"@type\":\"ListItem\",\"position\":3,\"name\":\"ARROCERA EL\u00c9CTRICA CON ACCESORIO VAPOR 700W\"}]},{\"@type\":\"WebSite\",\"@id\":\"https:\\\/\\\/dev.kuken.es\\\/#website\",\"url\":\"https:\\\/\\\/dev.kuken.es\\\/\",\"name\":\"K\u00fcken\",\"description\":\"Amplia gama de peque\u00f1o electrodom\u00e9stico k\u00fcken\",\"publisher\":{\"@id\":\"https:\\\/\\\/dev.kuken.es\\\/#organization\"},\"potentialAction\":[{\"@type\":\"SearchAction\",\"target\":{\"@type\":\"EntryPoint\",\"urlTemplate\":\"https:\\\/\\\/dev.kuken.es\\\/?s={search_term_string}\"},\"query-input\":{\"@type\":\"PropertyValueSpecification\",\"valueRequired\":true,\"valueName\":\"search_term_string\"}}],\"inLanguage\":\"pt-PT\"},{\"@type\":\"Organization\",\"@id\":\"https:\\\/\\\/dev.kuken.es\\\/#organization\",\"name\":\"Alfa Dyser\",\"url\":\"https:\\\/\\\/dev.kuken.es\\\/\",\"logo\":{\"@type\":\"ImageObject\",\"inLanguage\":\"pt-PT\",\"@id\":\"https:\\\/\\\/dev.kuken.es\\\/#\\\/schema\\\/logo\\\/image\\\/\",\"url\":\"https:\\\/\\\/dev.kuken.es\\\/wp-content\\\/uploads\\\/2019\\\/04\\\/kuken-logo.png\",\"contentUrl\":\"https:\\\/\\\/dev.kuken.es\\\/wp-content\\\/uploads\\\/2019\\\/04\\\/kuken-logo.png\",\"width\":500,\"height\":191,\"caption\":\"Alfa Dyser\"},\"image\":{\"@id\":\"https:\\\/\\\/dev.kuken.es\\\/#\\\/schema\\\/logo\\\/image\\\/\"},\"sameAs\":[\"https:\\\/\\\/es-es.facebook.com\\\/alfadyser\\\/\",\"https:\\\/\\\/www.instagram.com\\\/kuken_appliances\\\/\"]}]}<\/script>\n<meta property=\"product:price:currency\" content=\"EUR\" \/>\n<meta property=\"og:availability\" content=\"instock\" \/>\n<meta property=\"product:availability\" content=\"instock\" \/>\n<meta property=\"product:retailer_item_id\" content=\"33950\" \/>\n<meta property=\"product:condition\" content=\"new\" \/>\n<!-- \/ Yoast SEO Premium plugin. -->","yoast_head_json":{"title":"PANELA EL\u00c9CTRICA DE ARROZ COM ACESS\u00d3RIO DE VAPOR 700W - K\u00fcken","description":"Panela el\u00e9ctrica de arroz K\u00fcken com acess\u00f3rio para cozer a vapor. Cozinhe o arroz de forma f\u00e1cil e r\u00e1pida enquanto cozinha os seus legumes a vapor. Descubra-a.","robots":{"index":"noindex","follow":"follow","max-snippet":"max-snippet:-1","max-image-preview":"max-image-preview:large","max-video-preview":"max-video-preview:-1"},"og_locale":"pt_PT","og_type":"article","og_title":"ARROCERA EL\u00c9CTRICA CON ACCESORIO VAPOR 700W","og_description":"Arrocera el\u00e9ctrica k\u00fcken con accesorio para cocer al vapor. Cuece arroz de manera sencilla y r\u00e1pida mientras preparas tus verduras al vapor. Desc\u00fabrela.","og_url":"https:\/\/dev.kuken.es\/pt\/produto\/panela-electrica-de-arroz-com-acessorio-de-vapor-700w\/","og_site_name":"K\u00fcken","article_publisher":"https:\/\/es-es.facebook.com\/alfadyser\/","article_modified_time":"2025-07-28T09:55:26+00:00","og_image":[{"width":2000,"height":2000,"url":"https:\/\/dev.kuken.es\/wp-content\/uploads\/productos\/8425160339500_01.jpg","type":"image\/jpeg"}],"twitter_card":"summary_large_image","twitter_misc":{"pre\u00e7o":"","Disponibilidade":"Em stock"},"schema":{"@context":"https:\/\/schema.org","@graph":[{"@type":"WebPage","@id":"https:\/\/dev.kuken.es\/producto\/arrocera-electrica-con-accesorio-vapor-700w\/","url":"https:\/\/dev.kuken.es\/producto\/arrocera-electrica-con-accesorio-vapor-700w\/","name":"PANELA EL\u00c9CTRICA DE ARROZ COM ACESS\u00d3RIO DE VAPOR 700W - K\u00fcken","isPartOf":{"@id":"https:\/\/dev.kuken.es\/#website"},"primaryImageOfPage":{"@id":"https:\/\/dev.kuken.es\/producto\/arrocera-electrica-con-accesorio-vapor-700w\/#primaryimage"},"image":{"@id":"https:\/\/dev.kuken.es\/producto\/arrocera-electrica-con-accesorio-vapor-700w\/#primaryimage"},"thumbnailUrl":"https:\/\/dev.kuken.es\/wp-content\/uploads\/productos\/8425160339500_01.jpg","datePublished":"2020-10-27T12:42:10+00:00","dateModified":"2025-07-28T09:55:26+00:00","description":"Panela el\u00e9ctrica de arroz K\u00fcken com acess\u00f3rio para cozer a vapor. Cozinhe o arroz de forma f\u00e1cil e r\u00e1pida enquanto cozinha os seus legumes a vapor. Descubra-a.","breadcrumb":{"@id":"https:\/\/dev.kuken.es\/producto\/arrocera-electrica-con-accesorio-vapor-700w\/#breadcrumb"},"inLanguage":"pt-PT","potentialAction":[{"@type":"ReadAction","target":["https:\/\/dev.kuken.es\/producto\/arrocera-electrica-con-accesorio-vapor-700w\/"]}]},{"@type":"ImageObject","inLanguage":"pt-PT","@id":"https:\/\/dev.kuken.es\/producto\/arrocera-electrica-con-accesorio-vapor-700w\/#primaryimage","url":"https:\/\/dev.kuken.es\/wp-content\/uploads\/productos\/8425160339500_01.jpg","contentUrl":"https:\/\/dev.kuken.es\/wp-content\/uploads\/productos\/8425160339500_01.jpg","width":2000,"height":2000,"caption":"Arrocera el\u00e9ctrica kuken con accesorio vapor"},{"@type":"BreadcrumbList","@id":"https:\/\/dev.kuken.es\/producto\/arrocera-electrica-con-accesorio-vapor-700w\/#breadcrumb","itemListElement":[{"@type":"ListItem","position":1,"name":"Portada","item":"https:\/\/dev.kuken.es\/"},{"@type":"ListItem","position":2,"name":"Productos","item":"https:\/\/dev.kuken.es\/productos\/"},{"@type":"ListItem","position":3,"name":"ARROCERA EL\u00c9CTRICA CON ACCESORIO VAPOR 700W"}]},{"@type":"WebSite","@id":"https:\/\/dev.kuken.es\/#website","url":"https:\/\/dev.kuken.es\/","name":"K\u00fcken","description":"Vasta gama de pequenos electrodom\u00e9sticos k\u00fcken","publisher":{"@id":"https:\/\/dev.kuken.es\/#organization"},"potentialAction":[{"@type":"SearchAction","target":{"@type":"EntryPoint","urlTemplate":"https:\/\/dev.kuken.es\/?s={search_term_string}"},"query-input":{"@type":"PropertyValueSpecification","valueRequired":true,"valueName":"search_term_string"}}],"inLanguage":"pt-PT"},{"@type":"Organization","@id":"https:\/\/dev.kuken.es\/#organization","name":"Alpha Dyser","url":"https:\/\/dev.kuken.es\/","logo":{"@type":"ImageObject","inLanguage":"pt-PT","@id":"https:\/\/dev.kuken.es\/#\/schema\/logo\/image\/","url":"https:\/\/dev.kuken.es\/wp-content\/uploads\/2019\/04\/kuken-logo.png","contentUrl":"https:\/\/dev.kuken.es\/wp-content\/uploads\/2019\/04\/kuken-logo.png","width":500,"height":191,"caption":"Alfa Dyser"},"image":{"@id":"https:\/\/dev.kuken.es\/#\/schema\/logo\/image\/"},"sameAs":["https:\/\/es-es.facebook.com\/alfadyser\/","https:\/\/www.instagram.com\/kuken_appliances\/"]}]},"product_price_currency":"EUR","og_availability":"instock","product_availability":"instock","product_retailer_item_id":"33950","product_condition":"new"},"_links":{"self":[{"href":"https:\/\/dev.kuken.es\/pt\/wp-json\/wp\/v2\/product\/6157","targetHints":{"allow":["GET"]}}],"collection":[{"href":"https:\/\/dev.kuken.es\/pt\/wp-json\/wp\/v2\/product"}],"about":[{"href":"https:\/\/dev.kuken.es\/pt\/wp-json\/wp\/v2\/types\/product"}],"wp:featuredmedia":[{"embeddable":true,"href":"https:\/\/dev.kuken.es\/pt\/wp-json\/wp\/v2\/media\/5613"}],"wp:attachment":[{"href":"https:\/\/dev.kuken.es\/pt\/wp-json\/wp\/v2\/media?parent=6157"}],"wp:term":[{"taxonomy":"product_brand","embeddable":true,"href":"https:\/\/dev.kuken.es\/pt\/wp-json\/wp\/v2\/product_brand?post=6157"},{"taxonomy":"product_cat","embeddable":true,"href":"https:\/\/dev.kuken.es\/pt\/wp-json\/wp\/v2\/product_cat?post=6157"},{"taxonomy":"product_tag","embeddable":true,"href":"https:\/\/dev.kuken.es\/pt\/wp-json\/wp\/v2\/product_tag?post=6157"}],"curies":[{"name":"wp","href":"https:\/\/api.w.org\/{rel}","templated":true}]}}