{"id":3260,"date":"2020-03-02T10:01:09","date_gmt":"2020-03-02T09:01:09","guid":{"rendered":"https:\/\/dev.kuken.es\/producto\/freidora-inox-1300w-20-litros-kuken\/"},"modified":"2025-07-23T11:26:54","modified_gmt":"2025-07-23T09:26:54","slug":"freidora-inox-2-litros-1300w-kuken","status":"publish","type":"product","link":"https:\/\/dev.kuken.es\/pt\/producto\/freidora-inox-2-litros-1300w-kuken\/","title":{"rendered":"FRITADEIRA DE A\u00c7O INOXID\u00c1VEL K\u00dcKEN 2 LITROS 1300W"},"content":{"rendered":"<p>FRITADEIRA DE A\u00c7O INOXID\u00c1VEL K\u00dcKEN 2 LITROS 1300W<\/p>\n<ul data-start=\"777\" data-end=\"1603\">\n<li data-start=\"777\" data-end=\"844\">\n<p data-start=\"779\" data-end=\"844\">Cuerpo en acero inoxidable, resistente y de f\u00e1cil limpieza.<\/p>\n<\/li>\n<li data-start=\"845\" data-end=\"930\">\n<p data-start=\"847\" data-end=\"930\">Capacidad de 2 litros, ideal para porciones individuales o peque\u00f1as familias.<\/p>\n<\/li>\n<li data-start=\"931\" data-end=\"1030\">\n<p data-start=\"933\" data-end=\"1030\">Regulador de temperatura ajustable, de 130\u202f\u00b0C a 190\u202f\u00b0C para distintos tipos de fritura.<\/p>\n<\/li>\n<li data-start=\"1031\" data-end=\"1117\">\n<p data-start=\"1033\" data-end=\"1117\">Resistencia interior integrada, favorece una distribuci\u00f3n homog\u00e9nea del calor.<\/p>\n<\/li>\n<li data-start=\"1118\" data-end=\"1211\">\n<p data-start=\"1120\" data-end=\"1211\">Tapa anti salpicaduras con visor rectangular, permite controlar el proceso sin abrir.<\/p>\n<\/li>\n<li data-start=\"1212\" data-end=\"1316\">\n<p data-start=\"1214\" data-end=\"1316\">Cesta de acero inoxidable, con gancho de sujeci\u00f3n y mango abatible para mayor comodidad.<\/p>\n<\/li>\n<li data-start=\"1317\" data-end=\"1395\">\n<p data-start=\"1319\" data-end=\"1395\">Indicadores luminosos de encendido y de temperatura \u00f3ptima del aceite.<\/p>\n<\/li>\n<li data-start=\"1396\" data-end=\"1482\">\n<p data-start=\"1398\" data-end=\"1482\">Patas de goma antideslizantes, brindan seguridad y estabilidad durante el uso.<\/p>\n<\/li>\n<li data-start=\"1483\" data-end=\"1529\">\n<p data-start=\"1485\" data-end=\"1529\">Potencia de 1300W, eficiente y r\u00e1pida.<\/p>\n<\/li>\n<li data-start=\"1530\" data-end=\"1603\">\n<p data-start=\"1532\" data-end=\"1603\">Freidora compacta, funcional y perfecta para uso dom\u00e9stico regular.<\/p>\n<\/li>\n<\/ul>\n<p><div class=\"accordion\"><div class=\"mfn-acc accordion_wrapper  toggle\"><div class=\"question\"><div class=\"title\"><i class=\"icon-plus acc-icon-plus\" aria-hidden=\"true\"><\/i><i class=\"icon-minus acc-icon-minus\" aria-hidden=\"true\"><\/i>Dados do produto<\/div><div class=\"answer\">EAN 8425160332396<\/p>\n<p>FRITADEIRA DE A\u00c7O INOXID\u00c1VEL K\u00dcKEN 2 LITROS 1300W<\/p>\n<p>Unidade de embalagem 1<br \/>\nColor Plata\/ negro<br \/>\nEmbalagem Caixa colorida<br \/>\nPotencia\u00a01300 W<br \/>\nTens\u00e3o 230 V<br \/>\nMaterial A\u00e7o inoxid\u00e1vel<br \/>\nP\u00e9s antiderrapantes Sim<br \/>\nCapacidade 2 litros<br \/>\nDestac\u00e1vel Sim<br \/>\nTemperatura m\u00e1xima 190\u2070C<br \/>\nPeso 1,9 kg.<\/div><\/div>\n<\/div><\/div>\n<br \/>\n<div class=\"accordion\"><div class=\"mfn-acc accordion_wrapper  toggle\"><div class=\"question\"><div class=\"title\"><i class=\"icon-plus acc-icon-plus\" aria-hidden=\"true\"><\/i><i class=\"icon-minus acc-icon-minus\" aria-hidden=\"true\"><\/i>Acess\u00f3rios<\/div><div class=\"answer\"><\/div><\/div>\n<\/div><\/div>\n<\/p>\n<div class=\"descargas-producto\"><a href=\"\/wp-content\/uploads\/pdf\/8425160332396_ficha_tecnica.pdf\" target=\"_blank\" rel=\"noopener noreferrer\"><br \/>\n<\/a><a href=\"https:\/\/dev.kuken.es\/wp-content\/uploads\/pdf\/8425160332396_ficha_tecnica.pdf\"><img loading=\"lazy\" decoding=\"async\" src=\"\/wp-content\/uploads\/2019\/12\/picto-descarrega.png\" alt=\"descarregar ficha de dados\" width=\"23\" height=\"16\" \/>Descarregar ficha<\/a><a href=\"https:\/\/dev.kuken.es\/wp-content\/uploads\/33239_instrucciones.pdf\" target=\"_blank\" rel=\"noopener noreferrer\"><br \/>\n<img loading=\"lazy\" decoding=\"async\" src=\"\/wp-content\/uploads\/2019\/12\/picto-descarrega.png\" alt=\"descarregar manual de instru\u00e7\u00f5es\" width=\"23\" height=\"16\" \/>Descarregar o manual<\/a><\/div>\n<div><\/div>\n<div><span style=\"color: #bf2121\">Siga-nos nas redes sociais!<\/span><\/div>\n<div><a href=\"https:\/\/www.instagram.com\/kuken_appliances\/\">https:\/\/www.instagram.com\/kuken_appliances\/<\/a><\/div>","protected":false},"excerpt":{"rendered":"<p data-start=\"472\" data-end=\"630\">Freidora eficiente y pr\u00e1ctica con visor, regulaci\u00f3n de temperatura y dise\u00f1o en acero inoxidable. Ideal para preparar frituras caseras con seguridad y control.<\/p>\n<p data-start=\"632\" data-end=\"703\">","protected":false},"featured_media":7466,"template":"","meta":{"rs_blank_template":"","rs_page_bg_color":"","slide_template_v7":""},"product_brand":[],"product_cat":[197],"product_tag":[],"class_list":{"0":"post-3260","1":"product","2":"type-product","3":"status-publish","4":"has-post-thumbnail","6":"product_cat-freidoras","8":"first","9":"instock","10":"product-type-simple"},"yoast_head":"<!-- This site is optimized with the Yoast SEO Premium plugin v24.0 (Yoast SEO v27.3) - https:\/\/yoast.com\/product\/yoast-seo-premium-wordpress\/ -->\n<title>FREIDORA INOX 2 LITROS 1300W K\u00dcKEN - K\u00fcken<\/title>\n<meta name=\"description\" content=\"Nueva y exclusiva freidora el\u00e9ctrica de 2 litros inox k\u00fcken. Prepara deliciosos y crujientes platos de manera m\u00e1s sana, r\u00e1pida y f\u00e1cil.\" \/>\n<meta name=\"robots\" content=\"noindex, follow, max-snippet:-1, max-image-preview:large, max-video-preview:-1\" \/>\n<meta property=\"og:locale\" content=\"pt_PT\" \/>\n<meta property=\"og:type\" content=\"article\" \/>\n<meta property=\"og:title\" content=\"FREIDORA INOX 2 LITROS 1300W K\u00dcKEN\" \/>\n<meta property=\"og:description\" content=\"Nueva y exclusiva freidora el\u00e9ctrica de 2 litros inox k\u00fcken. Prepara deliciosos y crujientes platos de manera m\u00e1s sana, r\u00e1pida y f\u00e1cil.\" \/>\n<meta property=\"og:url\" content=\"https:\/\/dev.kuken.es\/pt\/produto\/freidora-inox-2-litros-1300w-kuken\/\" \/>\n<meta property=\"og:site_name\" content=\"K\u00fcken\" \/>\n<meta property=\"article:publisher\" content=\"https:\/\/es-es.facebook.com\/alfadyser\/\" \/>\n<meta property=\"article:modified_time\" content=\"2025-07-23T09:26:54+00:00\" \/>\n<meta property=\"og:image\" content=\"https:\/\/dev.kuken.es\/wp-content\/uploads\/8425160332396_01.jpg\" \/>\n\t<meta property=\"og:image:width\" content=\"2000\" \/>\n\t<meta property=\"og:image:height\" content=\"2000\" \/>\n\t<meta property=\"og:image:type\" content=\"image\/jpeg\" \/>\n<meta name=\"twitter:card\" content=\"summary_large_image\" \/>\n<meta name=\"twitter:label1\" content=\"pre\u00e7o\" \/>\n\t<meta name=\"twitter:data1\" content=\"\" \/>\n\t<meta name=\"twitter:label2\" content=\"Disponibilidade\" \/>\n\t<meta name=\"twitter:data2\" content=\"Em stock\" \/>\n<script type=\"application\/ld+json\" class=\"yoast-schema-graph\">{\"@context\":\"https:\\\/\\\/schema.org\",\"@graph\":[{\"@type\":\"WebPage\",\"@id\":\"https:\\\/\\\/dev.kuken.es\\\/producto\\\/freidora-inox-2-litros-1300w-kuken\\\/\",\"url\":\"https:\\\/\\\/dev.kuken.es\\\/producto\\\/freidora-inox-2-litros-1300w-kuken\\\/\",\"name\":\"FREIDORA INOX 2 LITROS 1300W K\u00dcKEN - K\u00fcken\",\"isPartOf\":{\"@id\":\"https:\\\/\\\/dev.kuken.es\\\/#website\"},\"primaryImageOfPage\":{\"@id\":\"https:\\\/\\\/dev.kuken.es\\\/producto\\\/freidora-inox-2-litros-1300w-kuken\\\/#primaryimage\"},\"image\":{\"@id\":\"https:\\\/\\\/dev.kuken.es\\\/producto\\\/freidora-inox-2-litros-1300w-kuken\\\/#primaryimage\"},\"thumbnailUrl\":\"https:\\\/\\\/dev.kuken.es\\\/wp-content\\\/uploads\\\/8425160332396_01.jpg\",\"datePublished\":\"2020-03-02T09:01:09+00:00\",\"dateModified\":\"2025-07-23T09:26:54+00:00\",\"description\":\"Nueva y exclusiva freidora el\u00e9ctrica de 2 litros inox k\u00fcken. Prepara deliciosos y crujientes platos de manera m\u00e1s sana, r\u00e1pida y f\u00e1cil.\",\"breadcrumb\":{\"@id\":\"https:\\\/\\\/dev.kuken.es\\\/producto\\\/freidora-inox-2-litros-1300w-kuken\\\/#breadcrumb\"},\"inLanguage\":\"pt-PT\",\"potentialAction\":[{\"@type\":\"ReadAction\",\"target\":[\"https:\\\/\\\/dev.kuken.es\\\/producto\\\/freidora-inox-2-litros-1300w-kuken\\\/\"]}]},{\"@type\":\"ImageObject\",\"inLanguage\":\"pt-PT\",\"@id\":\"https:\\\/\\\/dev.kuken.es\\\/producto\\\/freidora-inox-2-litros-1300w-kuken\\\/#primaryimage\",\"url\":\"https:\\\/\\\/dev.kuken.es\\\/wp-content\\\/uploads\\\/8425160332396_01.jpg\",\"contentUrl\":\"https:\\\/\\\/dev.kuken.es\\\/wp-content\\\/uploads\\\/8425160332396_01.jpg\",\"width\":2000,\"height\":2000,\"caption\":\"Freidora de 1400w K\u00fcken de 2 litros\"},{\"@type\":\"BreadcrumbList\",\"@id\":\"https:\\\/\\\/dev.kuken.es\\\/producto\\\/freidora-inox-2-litros-1300w-kuken\\\/#breadcrumb\",\"itemListElement\":[{\"@type\":\"ListItem\",\"position\":1,\"name\":\"Portada\",\"item\":\"https:\\\/\\\/dev.kuken.es\\\/\"},{\"@type\":\"ListItem\",\"position\":2,\"name\":\"Productos\",\"item\":\"https:\\\/\\\/dev.kuken.es\\\/productos\\\/\"},{\"@type\":\"ListItem\",\"position\":3,\"name\":\"FREIDORA INOX 2 LITROS 1300W K\u00dcKEN\"}]},{\"@type\":\"WebSite\",\"@id\":\"https:\\\/\\\/dev.kuken.es\\\/#website\",\"url\":\"https:\\\/\\\/dev.kuken.es\\\/\",\"name\":\"K\u00fcken\",\"description\":\"Amplia gama de peque\u00f1o electrodom\u00e9stico k\u00fcken\",\"publisher\":{\"@id\":\"https:\\\/\\\/dev.kuken.es\\\/#organization\"},\"potentialAction\":[{\"@type\":\"SearchAction\",\"target\":{\"@type\":\"EntryPoint\",\"urlTemplate\":\"https:\\\/\\\/dev.kuken.es\\\/?s={search_term_string}\"},\"query-input\":{\"@type\":\"PropertyValueSpecification\",\"valueRequired\":true,\"valueName\":\"search_term_string\"}}],\"inLanguage\":\"pt-PT\"},{\"@type\":\"Organization\",\"@id\":\"https:\\\/\\\/dev.kuken.es\\\/#organization\",\"name\":\"Alfa Dyser\",\"url\":\"https:\\\/\\\/dev.kuken.es\\\/\",\"logo\":{\"@type\":\"ImageObject\",\"inLanguage\":\"pt-PT\",\"@id\":\"https:\\\/\\\/dev.kuken.es\\\/#\\\/schema\\\/logo\\\/image\\\/\",\"url\":\"https:\\\/\\\/dev.kuken.es\\\/wp-content\\\/uploads\\\/2019\\\/04\\\/kuken-logo.png\",\"contentUrl\":\"https:\\\/\\\/dev.kuken.es\\\/wp-content\\\/uploads\\\/2019\\\/04\\\/kuken-logo.png\",\"width\":500,\"height\":191,\"caption\":\"Alfa Dyser\"},\"image\":{\"@id\":\"https:\\\/\\\/dev.kuken.es\\\/#\\\/schema\\\/logo\\\/image\\\/\"},\"sameAs\":[\"https:\\\/\\\/es-es.facebook.com\\\/alfadyser\\\/\",\"https:\\\/\\\/www.instagram.com\\\/kuken_appliances\\\/\"]}]}<\/script>\n<meta property=\"product:price:currency\" content=\"EUR\" \/>\n<meta property=\"og:availability\" content=\"instock\" \/>\n<meta property=\"product:availability\" content=\"instock\" \/>\n<meta property=\"product:retailer_item_id\" content=\"33239\" \/>\n<meta property=\"product:condition\" content=\"new\" \/>\n<!-- \/ Yoast SEO Premium plugin. -->","yoast_head_json":{"title":"FREIDORA INOX 2 LITROS 1300W K\u00dcKEN - K\u00fcken","description":"Nueva y exclusiva freidora el\u00e9ctrica de 2 litros inox k\u00fcken. Prepara deliciosos y crujientes platos de manera m\u00e1s sana, r\u00e1pida y f\u00e1cil.","robots":{"index":"noindex","follow":"follow","max-snippet":"max-snippet:-1","max-image-preview":"max-image-preview:large","max-video-preview":"max-video-preview:-1"},"og_locale":"pt_PT","og_type":"article","og_title":"FREIDORA INOX 2 LITROS 1300W K\u00dcKEN","og_description":"Nueva y exclusiva freidora el\u00e9ctrica de 2 litros inox k\u00fcken. Prepara deliciosos y crujientes platos de manera m\u00e1s sana, r\u00e1pida y f\u00e1cil.","og_url":"https:\/\/dev.kuken.es\/pt\/produto\/freidora-inox-2-litros-1300w-kuken\/","og_site_name":"K\u00fcken","article_publisher":"https:\/\/es-es.facebook.com\/alfadyser\/","article_modified_time":"2025-07-23T09:26:54+00:00","og_image":[{"width":2000,"height":2000,"url":"https:\/\/dev.kuken.es\/wp-content\/uploads\/8425160332396_01.jpg","type":"image\/jpeg"}],"twitter_card":"summary_large_image","twitter_misc":{"pre\u00e7o":"","Disponibilidade":"Em stock"},"schema":{"@context":"https:\/\/schema.org","@graph":[{"@type":"WebPage","@id":"https:\/\/dev.kuken.es\/producto\/freidora-inox-2-litros-1300w-kuken\/","url":"https:\/\/dev.kuken.es\/producto\/freidora-inox-2-litros-1300w-kuken\/","name":"FREIDORA INOX 2 LITROS 1300W K\u00dcKEN - K\u00fcken","isPartOf":{"@id":"https:\/\/dev.kuken.es\/#website"},"primaryImageOfPage":{"@id":"https:\/\/dev.kuken.es\/producto\/freidora-inox-2-litros-1300w-kuken\/#primaryimage"},"image":{"@id":"https:\/\/dev.kuken.es\/producto\/freidora-inox-2-litros-1300w-kuken\/#primaryimage"},"thumbnailUrl":"https:\/\/dev.kuken.es\/wp-content\/uploads\/8425160332396_01.jpg","datePublished":"2020-03-02T09:01:09+00:00","dateModified":"2025-07-23T09:26:54+00:00","description":"Nueva y exclusiva freidora el\u00e9ctrica de 2 litros inox k\u00fcken. Prepara deliciosos y crujientes platos de manera m\u00e1s sana, r\u00e1pida y f\u00e1cil.","breadcrumb":{"@id":"https:\/\/dev.kuken.es\/producto\/freidora-inox-2-litros-1300w-kuken\/#breadcrumb"},"inLanguage":"pt-PT","potentialAction":[{"@type":"ReadAction","target":["https:\/\/dev.kuken.es\/producto\/freidora-inox-2-litros-1300w-kuken\/"]}]},{"@type":"ImageObject","inLanguage":"pt-PT","@id":"https:\/\/dev.kuken.es\/producto\/freidora-inox-2-litros-1300w-kuken\/#primaryimage","url":"https:\/\/dev.kuken.es\/wp-content\/uploads\/8425160332396_01.jpg","contentUrl":"https:\/\/dev.kuken.es\/wp-content\/uploads\/8425160332396_01.jpg","width":2000,"height":2000,"caption":"Freidora de 1400w K\u00fcken de 2 litros"},{"@type":"BreadcrumbList","@id":"https:\/\/dev.kuken.es\/producto\/freidora-inox-2-litros-1300w-kuken\/#breadcrumb","itemListElement":[{"@type":"ListItem","position":1,"name":"Portada","item":"https:\/\/dev.kuken.es\/"},{"@type":"ListItem","position":2,"name":"Productos","item":"https:\/\/dev.kuken.es\/productos\/"},{"@type":"ListItem","position":3,"name":"FREIDORA INOX 2 LITROS 1300W K\u00dcKEN"}]},{"@type":"WebSite","@id":"https:\/\/dev.kuken.es\/#website","url":"https:\/\/dev.kuken.es\/","name":"K\u00fcken","description":"Vasta gama de pequenos electrodom\u00e9sticos k\u00fcken","publisher":{"@id":"https:\/\/dev.kuken.es\/#organization"},"potentialAction":[{"@type":"SearchAction","target":{"@type":"EntryPoint","urlTemplate":"https:\/\/dev.kuken.es\/?s={search_term_string}"},"query-input":{"@type":"PropertyValueSpecification","valueRequired":true,"valueName":"search_term_string"}}],"inLanguage":"pt-PT"},{"@type":"Organization","@id":"https:\/\/dev.kuken.es\/#organization","name":"Alpha Dyser","url":"https:\/\/dev.kuken.es\/","logo":{"@type":"ImageObject","inLanguage":"pt-PT","@id":"https:\/\/dev.kuken.es\/#\/schema\/logo\/image\/","url":"https:\/\/dev.kuken.es\/wp-content\/uploads\/2019\/04\/kuken-logo.png","contentUrl":"https:\/\/dev.kuken.es\/wp-content\/uploads\/2019\/04\/kuken-logo.png","width":500,"height":191,"caption":"Alfa Dyser"},"image":{"@id":"https:\/\/dev.kuken.es\/#\/schema\/logo\/image\/"},"sameAs":["https:\/\/es-es.facebook.com\/alfadyser\/","https:\/\/www.instagram.com\/kuken_appliances\/"]}]},"product_price_currency":"EUR","og_availability":"instock","product_availability":"instock","product_retailer_item_id":"33239","product_condition":"new"},"_links":{"self":[{"href":"https:\/\/dev.kuken.es\/pt\/wp-json\/wp\/v2\/product\/3260","targetHints":{"allow":["GET"]}}],"collection":[{"href":"https:\/\/dev.kuken.es\/pt\/wp-json\/wp\/v2\/product"}],"about":[{"href":"https:\/\/dev.kuken.es\/pt\/wp-json\/wp\/v2\/types\/product"}],"wp:featuredmedia":[{"embeddable":true,"href":"https:\/\/dev.kuken.es\/pt\/wp-json\/wp\/v2\/media\/7466"}],"wp:attachment":[{"href":"https:\/\/dev.kuken.es\/pt\/wp-json\/wp\/v2\/media?parent=3260"}],"wp:term":[{"taxonomy":"product_brand","embeddable":true,"href":"https:\/\/dev.kuken.es\/pt\/wp-json\/wp\/v2\/product_brand?post=3260"},{"taxonomy":"product_cat","embeddable":true,"href":"https:\/\/dev.kuken.es\/pt\/wp-json\/wp\/v2\/product_cat?post=3260"},{"taxonomy":"product_tag","embeddable":true,"href":"https:\/\/dev.kuken.es\/pt\/wp-json\/wp\/v2\/product_tag?post=3260"}],"curies":[{"name":"wp","href":"https:\/\/api.w.org\/{rel}","templated":true}]}}