{"id":7194,"date":"2021-01-25T13:10:05","date_gmt":"2021-01-25T12:10:05","guid":{"rendered":"https:\/\/dev.kuken.es\/?post_type=product&#038;p=7194"},"modified":"2025-07-22T13:17:41","modified_gmt":"2025-07-22T11:17:41","slug":"kuken-2-in-1-snoerloze-bezemzuiger","status":"publish","type":"product","link":"https:\/\/dev.kuken.es\/nl\/producto\/aspirador-escoba-sin-cable-2-en-1-kuken\/","title":{"rendered":"K\u00dcKEN 2-IN-1 SNOERLOZE BEZEMZUIGER"},"content":{"rendered":"<div class=\"puntos\">\n<p>K\u00dcKEN 2-IN-1 SNOERLOZE BEZEMZUIGER<\/p>\n<ul>\n<li data-start=\"836\" data-end=\"921\">\n<p data-start=\"838\" data-end=\"921\">Aspirador sin cable 2 en 1, se convierte f\u00e1cilmente en aspirador de mano.<\/p>\n<\/li>\n<li data-start=\"922\" data-end=\"996\">\n<p data-start=\"924\" data-end=\"996\">Incluye 2 accesorios para juntas, sof\u00e1s, ventanas, esquinas y m\u00e1s.<\/p>\n<\/li>\n<li data-start=\"997\" data-end=\"1079\">\n<p data-start=\"999\" data-end=\"1079\">Cabezal giratorio flexible con luz LED frontal, ilumina zonas oscuras.<\/p>\n<\/li>\n<li data-start=\"1080\" data-end=\"1218\">\n<p data-start=\"1082\" data-end=\"1104\">Dos velocidades:<\/p>\n<ul data-start=\"1107\" data-end=\"1218\">\n<li data-start=\"1107\" data-end=\"1158\">\n<p data-start=\"1109\" data-end=\"1158\">Velocidad 1: hasta 45 minutos de autonom\u00eda.<\/p>\n<\/li>\n<li data-start=\"1161\" data-end=\"1218\">\n<p data-start=\"1163\" data-end=\"1218\">Velocidad 2: hasta 20 minutos de potencia m\u00e1xima.<\/p>\n<\/li>\n<\/ul>\n<\/li>\n<li data-start=\"1219\" data-end=\"1294\">\n<p data-start=\"1221\" data-end=\"1294\">Filtro HEPA, elimina el 99,9\u202f% de polvo, bacterias y al\u00e9rgenos.<\/p>\n<\/li>\n<li data-start=\"1295\" data-end=\"1365\">\n<p data-start=\"1297\" data-end=\"1365\">Tecnolog\u00eda Cyclone, potencia de succi\u00f3n mediante centrifugado.<\/p>\n<\/li>\n<li data-start=\"1366\" data-end=\"1431\">\n<p data-start=\"1368\" data-end=\"1431\">Ruedas engomadas, protegen suelos delicados como parquet.<\/p>\n<\/li>\n<li data-start=\"1432\" data-end=\"1513\">\n<p data-start=\"1434\" data-end=\"1513\">Ligero, pr\u00e1ctico y sin cables, ideal para una limpieza r\u00e1pida y efectiva.<\/p>\n<\/li>\n<li data-start=\"1514\" data-end=\"1572\">\n<p data-start=\"1516\" data-end=\"1572\">Perfecto para hogares con mascotas o personas al\u00e9rgicas.<\/p>\n<\/li>\n<\/ul>\n<p>&nbsp;<\/p>\n<\/div>\n<div class=\"accordion\"><div class=\"mfn-acc accordion_wrapper  toggle\"><div class=\"question\"><div class=\"title\"><i class=\"icon-plus acc-icon-plus\" aria-hidden=\"true\"><\/i><i class=\"icon-minus acc-icon-minus\" aria-hidden=\"true\"><\/i>Productgegevens<\/div><div class=\"answer\">EAN: 8425160341183<\/p>\n<p>K\u00dcKEN 2-IN-1 SNOERLOZE BEZEMZUIGER<\/p>\n<p>Eenheden: 1<br \/>\nKleur: Grijs en zwart<br \/>\nVerpakking: Gekleurde doos<br \/>\nVermogen: 22,1V<br \/>\nSnelheden: 2<br \/>\nAfneembaar: Ja<br \/>\nLed-licht: Ja<\/p>\n<p><div class=\"accordion\"><div class=\"mfn-acc accordion_wrapper  toggle\"><\/div><\/div>\n<div class=\"question\"><div class=\"title\"><i class=\"icon-plus acc-icon-plus\" aria-hidden=\"true\"><\/i><i class=\"icon-minus acc-icon-minus\" aria-hidden=\"true\"><\/i>Accessoires<\/div><div class=\"answer\"><\/div><\/div>\n<\/div><\/div>\n<\/div><\/div>\n\n<div class=\"descargas-producto\"><a href=\"\/wp-content\/uploads\/pdf\/8425160340193_ficha_tecnica.pdf\" target=\"_blank\" rel=\"noopener noreferrer\" data-wp-editing=\"1\"><br \/>\n<\/a><a href=\"https:\/\/dev.kuken.es\/wp-content\/uploads\/pdf\/8425160341183_ficha_tecnica.pdf\" target=\"_blank\" rel=\"noopener noreferrer\"><img loading=\"lazy\" decoding=\"async\" class=\"alignnone\" src=\"\/wp-content\/uploads\/2019\/12\/picto-descarrega.png\" alt=\"gegevensblad downloaden\" width=\"23\" height=\"16\" \/><\/a><a href=\"https:\/\/dev.kuken.es\/wp-content\/uploads\/pdf\/8425160341183_ficha_tecnica.pdf\">Blad downloaden<\/a><a href=\"\/wp-content\/uploads\/pdf\/34118_instruction_manual.pdf\" target=\"_blank\" rel=\"noopener noreferrer\" data-wp-editing=\"1\"><br \/>\n<\/a><a href=\"\/wp-content\/uploads\/pdf\/34118_instruction_manual.pdf\"><img loading=\"lazy\" decoding=\"async\" class=\"alignnone\" src=\"\/wp-content\/uploads\/2019\/12\/picto-descarrega.png\" alt=\"handleiding downloaden\" width=\"23\" height=\"16\" \/>Handleiding downloaden<\/a><\/div>\n<div><\/div>\n<div><span style=\"color: #bf2121\">Volg ons op sociale media!<\/span><\/div>\n<div><a href=\"https:\/\/www.instagram.com\/kuken_appliances\/\">https:\/\/www.instagram.com\/kuken_appliances\/<\/a><\/div>\n<div><\/div>\n<p><iframe loading=\"lazy\" title=\"k\u00fcken 2-in-1 snoerloze bezemzuiger\" width=\"560\" height=\"315\" src=\"https:\/\/www.youtube.com\/embed\/JzzcX03-oYE?feature=oembed\" frameborder=\"0\" allow=\"accelerometer; autoplay; clipboard-write; encrypted-media; gyroscope; picture-in-picture; web-share\" referrerpolicy=\"strict-origin-when-cross-origin\" allowfullscreen><\/iframe><\/p>","protected":false},"excerpt":{"rendered":"<p data-start=\"507\" data-end=\"659\">Este aspirador 2 en 1 ofrece limpieza profunda y sin cables, con luz LED, filtro HEPA, ruedas para suelos delicados y cabezal flexible para cada rinc\u00f3n.<\/p>\n<p data-start=\"661\" data-end=\"768\">","protected":false},"featured_media":7196,"template":"","meta":{"rs_blank_template":"","rs_page_bg_color":"","slide_template_v7":""},"product_brand":[],"product_cat":[208],"product_tag":[],"class_list":{"0":"post-7194","1":"product","2":"type-product","3":"status-publish","4":"has-post-thumbnail","6":"product_cat-aspiradores","8":"first","9":"instock","10":"shipping-taxable","11":"product-type-simple"},"yoast_head":"<!-- This site is optimized with the Yoast SEO Premium plugin v24.0 (Yoast SEO v27.4) - https:\/\/yoast.com\/product\/yoast-seo-premium-wordpress\/ -->\n<title>ASPIRADOR ESCOBA SIN CABLE 2 EN 1 K\u00dcKEN - K\u00fcken<\/title>\n<meta name=\"description\" content=\"Aspirador escoba sin cable 22,1V k\u00fcken, con tecnolog\u00eda CYCLONE. Funci\u00f3n 2 en 1; aspirador escoba y aspirador de mano. Visita la web de K\u00fcken.\" \/>\n<meta name=\"robots\" content=\"noindex, follow, max-snippet:-1, max-image-preview:large, max-video-preview:-1\" \/>\n<meta property=\"og:locale\" content=\"nl_NL\" \/>\n<meta property=\"og:type\" content=\"article\" \/>\n<meta property=\"og:title\" content=\"ASPIRADOR ESCOBA SIN CABLE 2 EN 1 K\u00dcKEN\" \/>\n<meta property=\"og:description\" content=\"Aspirador escoba sin cable 22,1V k\u00fcken, con tecnolog\u00eda CYCLONE. Funci\u00f3n 2 en 1; aspirador escoba y aspirador de mano. Visita la web de K\u00fcken.\" \/>\n<meta property=\"og:url\" content=\"https:\/\/dev.kuken.es\/nl\/product\/kuken-2-in-1-snoerloze-bezemzuiger\/\" \/>\n<meta property=\"og:site_name\" content=\"K\u00fcken\" \/>\n<meta property=\"article:publisher\" content=\"https:\/\/es-es.facebook.com\/alfadyser\/\" \/>\n<meta property=\"article:modified_time\" content=\"2025-07-22T11:17:41+00:00\" \/>\n<meta property=\"og:image\" content=\"https:\/\/dev.kuken.es\/wp-content\/uploads\/8425160341183_02-scaled.jpg\" \/>\n\t<meta property=\"og:image:width\" content=\"2560\" \/>\n\t<meta property=\"og:image:height\" content=\"2560\" \/>\n\t<meta property=\"og:image:type\" content=\"image\/jpeg\" \/>\n<meta name=\"twitter:card\" content=\"summary_large_image\" \/>\n<meta name=\"twitter:label1\" content=\"Prijs\" \/>\n\t<meta name=\"twitter:data1\" content=\"\" \/>\n\t<meta name=\"twitter:label2\" content=\"Beschikbaarheid\" \/>\n\t<meta name=\"twitter:data2\" content=\"Op voorraad\" \/>\n<script type=\"application\/ld+json\" class=\"yoast-schema-graph\">{\"@context\":\"https:\\\/\\\/schema.org\",\"@graph\":[{\"@type\":\"WebPage\",\"@id\":\"https:\\\/\\\/dev.kuken.es\\\/producto\\\/aspirador-escoba-sin-cable-2-en-1-kuken\\\/\",\"url\":\"https:\\\/\\\/dev.kuken.es\\\/producto\\\/aspirador-escoba-sin-cable-2-en-1-kuken\\\/\",\"name\":\"ASPIRADOR ESCOBA SIN CABLE 2 EN 1 K\u00dcKEN - K\u00fcken\",\"isPartOf\":{\"@id\":\"https:\\\/\\\/dev.kuken.es\\\/#website\"},\"primaryImageOfPage\":{\"@id\":\"https:\\\/\\\/dev.kuken.es\\\/producto\\\/aspirador-escoba-sin-cable-2-en-1-kuken\\\/#primaryimage\"},\"image\":{\"@id\":\"https:\\\/\\\/dev.kuken.es\\\/producto\\\/aspirador-escoba-sin-cable-2-en-1-kuken\\\/#primaryimage\"},\"thumbnailUrl\":\"https:\\\/\\\/dev.kuken.es\\\/wp-content\\\/uploads\\\/8425160341183_02-scaled.jpg\",\"datePublished\":\"2021-01-25T12:10:05+00:00\",\"dateModified\":\"2025-07-22T11:17:41+00:00\",\"description\":\"Aspirador escoba sin cable 22,1V k\u00fcken, con tecnolog\u00eda CYCLONE. Funci\u00f3n 2 en 1; aspirador escoba y aspirador de mano. Visita la web de K\u00fcken.\",\"breadcrumb\":{\"@id\":\"https:\\\/\\\/dev.kuken.es\\\/producto\\\/aspirador-escoba-sin-cable-2-en-1-kuken\\\/#breadcrumb\"},\"inLanguage\":\"nl-NL\",\"potentialAction\":[{\"@type\":\"ReadAction\",\"target\":[\"https:\\\/\\\/dev.kuken.es\\\/producto\\\/aspirador-escoba-sin-cable-2-en-1-kuken\\\/\"]}]},{\"@type\":\"ImageObject\",\"inLanguage\":\"nl-NL\",\"@id\":\"https:\\\/\\\/dev.kuken.es\\\/producto\\\/aspirador-escoba-sin-cable-2-en-1-kuken\\\/#primaryimage\",\"url\":\"https:\\\/\\\/dev.kuken.es\\\/wp-content\\\/uploads\\\/8425160341183_02-scaled.jpg\",\"contentUrl\":\"https:\\\/\\\/dev.kuken.es\\\/wp-content\\\/uploads\\\/8425160341183_02-scaled.jpg\",\"width\":2560,\"height\":2560,\"caption\":\"Aspirador escoba sin cable K\u00fcken\"},{\"@type\":\"BreadcrumbList\",\"@id\":\"https:\\\/\\\/dev.kuken.es\\\/producto\\\/aspirador-escoba-sin-cable-2-en-1-kuken\\\/#breadcrumb\",\"itemListElement\":[{\"@type\":\"ListItem\",\"position\":1,\"name\":\"Portada\",\"item\":\"https:\\\/\\\/dev.kuken.es\\\/\"},{\"@type\":\"ListItem\",\"position\":2,\"name\":\"Productos\",\"item\":\"https:\\\/\\\/dev.kuken.es\\\/productos\\\/\"},{\"@type\":\"ListItem\",\"position\":3,\"name\":\"ASPIRADOR ESCOBA SIN CABLE 2 EN 1 K\u00dcKEN\"}]},{\"@type\":\"WebSite\",\"@id\":\"https:\\\/\\\/dev.kuken.es\\\/#website\",\"url\":\"https:\\\/\\\/dev.kuken.es\\\/\",\"name\":\"K\u00fcken\",\"description\":\"Amplia gama de peque\u00f1o electrodom\u00e9stico k\u00fcken\",\"publisher\":{\"@id\":\"https:\\\/\\\/dev.kuken.es\\\/#organization\"},\"potentialAction\":[{\"@type\":\"SearchAction\",\"target\":{\"@type\":\"EntryPoint\",\"urlTemplate\":\"https:\\\/\\\/dev.kuken.es\\\/?s={search_term_string}\"},\"query-input\":{\"@type\":\"PropertyValueSpecification\",\"valueRequired\":true,\"valueName\":\"search_term_string\"}}],\"inLanguage\":\"nl-NL\"},{\"@type\":\"Organization\",\"@id\":\"https:\\\/\\\/dev.kuken.es\\\/#organization\",\"name\":\"Alfa Dyser\",\"url\":\"https:\\\/\\\/dev.kuken.es\\\/\",\"logo\":{\"@type\":\"ImageObject\",\"inLanguage\":\"nl-NL\",\"@id\":\"https:\\\/\\\/dev.kuken.es\\\/#\\\/schema\\\/logo\\\/image\\\/\",\"url\":\"https:\\\/\\\/dev.kuken.es\\\/wp-content\\\/uploads\\\/2019\\\/04\\\/kuken-logo.png\",\"contentUrl\":\"https:\\\/\\\/dev.kuken.es\\\/wp-content\\\/uploads\\\/2019\\\/04\\\/kuken-logo.png\",\"width\":500,\"height\":191,\"caption\":\"Alfa Dyser\"},\"image\":{\"@id\":\"https:\\\/\\\/dev.kuken.es\\\/#\\\/schema\\\/logo\\\/image\\\/\"},\"sameAs\":[\"https:\\\/\\\/es-es.facebook.com\\\/alfadyser\\\/\",\"https:\\\/\\\/www.instagram.com\\\/kuken_appliances\\\/\"]}]}<\/script>\n<meta property=\"product:price:currency\" content=\"EUR\" \/>\n<meta property=\"og:availability\" content=\"instock\" \/>\n<meta property=\"product:availability\" content=\"instock\" \/>\n<meta property=\"product:retailer_item_id\" content=\"34118\" \/>\n<meta property=\"product:condition\" content=\"new\" \/>\n<!-- \/ Yoast SEO Premium plugin. -->","yoast_head_json":{"title":"K\u00dcKEN 2-IN-1 SNOERLOZE BEZEMZUIGER - K\u00fcken","description":"K\u00fcken 22,1V snoerloze bezemzuiger met CYCLONE technologie. 2 in 1 functie; bezemzuiger en handstofzuiger. Bezoek de K\u00fcken website.","robots":{"index":"noindex","follow":"follow","max-snippet":"max-snippet:-1","max-image-preview":"max-image-preview:large","max-video-preview":"max-video-preview:-1"},"og_locale":"nl_NL","og_type":"article","og_title":"ASPIRADOR ESCOBA SIN CABLE 2 EN 1 K\u00dcKEN","og_description":"Aspirador escoba sin cable 22,1V k\u00fcken, con tecnolog\u00eda CYCLONE. Funci\u00f3n 2 en 1; aspirador escoba y aspirador de mano. Visita la web de K\u00fcken.","og_url":"https:\/\/dev.kuken.es\/nl\/product\/kuken-2-in-1-snoerloze-bezemzuiger\/","og_site_name":"K\u00fcken","article_publisher":"https:\/\/es-es.facebook.com\/alfadyser\/","article_modified_time":"2025-07-22T11:17:41+00:00","og_image":[{"width":2560,"height":2560,"url":"https:\/\/dev.kuken.es\/wp-content\/uploads\/8425160341183_02-scaled.jpg","type":"image\/jpeg"}],"twitter_card":"summary_large_image","twitter_misc":{"Prijs":"","Beschikbaarheid":"Op voorraad"},"schema":{"@context":"https:\/\/schema.org","@graph":[{"@type":"WebPage","@id":"https:\/\/dev.kuken.es\/producto\/aspirador-escoba-sin-cable-2-en-1-kuken\/","url":"https:\/\/dev.kuken.es\/producto\/aspirador-escoba-sin-cable-2-en-1-kuken\/","name":"K\u00dcKEN 2-IN-1 SNOERLOZE BEZEMZUIGER - K\u00fcken","isPartOf":{"@id":"https:\/\/dev.kuken.es\/#website"},"primaryImageOfPage":{"@id":"https:\/\/dev.kuken.es\/producto\/aspirador-escoba-sin-cable-2-en-1-kuken\/#primaryimage"},"image":{"@id":"https:\/\/dev.kuken.es\/producto\/aspirador-escoba-sin-cable-2-en-1-kuken\/#primaryimage"},"thumbnailUrl":"https:\/\/dev.kuken.es\/wp-content\/uploads\/8425160341183_02-scaled.jpg","datePublished":"2021-01-25T12:10:05+00:00","dateModified":"2025-07-22T11:17:41+00:00","description":"K\u00fcken 22,1V snoerloze bezemzuiger met CYCLONE technologie. 2 in 1 functie; bezemzuiger en handstofzuiger. Bezoek de K\u00fcken website.","breadcrumb":{"@id":"https:\/\/dev.kuken.es\/producto\/aspirador-escoba-sin-cable-2-en-1-kuken\/#breadcrumb"},"inLanguage":"nl-NL","potentialAction":[{"@type":"ReadAction","target":["https:\/\/dev.kuken.es\/producto\/aspirador-escoba-sin-cable-2-en-1-kuken\/"]}]},{"@type":"ImageObject","inLanguage":"nl-NL","@id":"https:\/\/dev.kuken.es\/producto\/aspirador-escoba-sin-cable-2-en-1-kuken\/#primaryimage","url":"https:\/\/dev.kuken.es\/wp-content\/uploads\/8425160341183_02-scaled.jpg","contentUrl":"https:\/\/dev.kuken.es\/wp-content\/uploads\/8425160341183_02-scaled.jpg","width":2560,"height":2560,"caption":"Aspirador escoba sin cable K\u00fcken"},{"@type":"BreadcrumbList","@id":"https:\/\/dev.kuken.es\/producto\/aspirador-escoba-sin-cable-2-en-1-kuken\/#breadcrumb","itemListElement":[{"@type":"ListItem","position":1,"name":"Portada","item":"https:\/\/dev.kuken.es\/"},{"@type":"ListItem","position":2,"name":"Productos","item":"https:\/\/dev.kuken.es\/productos\/"},{"@type":"ListItem","position":3,"name":"ASPIRADOR ESCOBA SIN CABLE 2 EN 1 K\u00dcKEN"}]},{"@type":"WebSite","@id":"https:\/\/dev.kuken.es\/#website","url":"https:\/\/dev.kuken.es\/","name":"K\u00fcken","description":"Uitgebreid assortiment kleine huishoudelijke apparaten van k\u00fcken","publisher":{"@id":"https:\/\/dev.kuken.es\/#organization"},"potentialAction":[{"@type":"SearchAction","target":{"@type":"EntryPoint","urlTemplate":"https:\/\/dev.kuken.es\/?s={search_term_string}"},"query-input":{"@type":"PropertyValueSpecification","valueRequired":true,"valueName":"search_term_string"}}],"inLanguage":"nl-NL"},{"@type":"Organization","@id":"https:\/\/dev.kuken.es\/#organization","name":"Alpha Dyser","url":"https:\/\/dev.kuken.es\/","logo":{"@type":"ImageObject","inLanguage":"nl-NL","@id":"https:\/\/dev.kuken.es\/#\/schema\/logo\/image\/","url":"https:\/\/dev.kuken.es\/wp-content\/uploads\/2019\/04\/kuken-logo.png","contentUrl":"https:\/\/dev.kuken.es\/wp-content\/uploads\/2019\/04\/kuken-logo.png","width":500,"height":191,"caption":"Alfa Dyser"},"image":{"@id":"https:\/\/dev.kuken.es\/#\/schema\/logo\/image\/"},"sameAs":["https:\/\/es-es.facebook.com\/alfadyser\/","https:\/\/www.instagram.com\/kuken_appliances\/"]}]},"product_price_currency":"EUR","og_availability":"instock","product_availability":"instock","product_retailer_item_id":"34118","product_condition":"new"},"_links":{"self":[{"href":"https:\/\/dev.kuken.es\/nl\/wp-json\/wp\/v2\/product\/7194","targetHints":{"allow":["GET"]}}],"collection":[{"href":"https:\/\/dev.kuken.es\/nl\/wp-json\/wp\/v2\/product"}],"about":[{"href":"https:\/\/dev.kuken.es\/nl\/wp-json\/wp\/v2\/types\/product"}],"wp:featuredmedia":[{"embeddable":true,"href":"https:\/\/dev.kuken.es\/nl\/wp-json\/wp\/v2\/media\/7196"}],"wp:attachment":[{"href":"https:\/\/dev.kuken.es\/nl\/wp-json\/wp\/v2\/media?parent=7194"}],"wp:term":[{"taxonomy":"product_brand","embeddable":true,"href":"https:\/\/dev.kuken.es\/nl\/wp-json\/wp\/v2\/product_brand?post=7194"},{"taxonomy":"product_cat","embeddable":true,"href":"https:\/\/dev.kuken.es\/nl\/wp-json\/wp\/v2\/product_cat?post=7194"},{"taxonomy":"product_tag","embeddable":true,"href":"https:\/\/dev.kuken.es\/nl\/wp-json\/wp\/v2\/product_tag?post=7194"}],"curies":[{"name":"wp","href":"https:\/\/api.w.org\/{rel}","templated":true}]}}