{"id":9222,"date":"2022-08-29T15:15:07","date_gmt":"2022-08-29T13:15:07","guid":{"rendered":"https:\/\/dev.kuken.es\/?post_type=product&#038;p=9222"},"modified":"2025-07-22T11:06:31","modified_gmt":"2025-07-22T09:06:31","slug":"electric-kuken-digital-oil-free-fryer-5","status":"publish","type":"product","link":"https:\/\/dev.kuken.es\/en\/producto\/freidora-kuken-sin-aceite-digital-12-litros\/","title":{"rendered":"K\u00dcKEN OIL-LESS DIGITAL DEEP FRYER 12 LITRES 1800W"},"content":{"rendered":"<p>K\u00dcKEN OIL-LESS DIGITAL DEEP FRYER 12 LITRES 1800W<\/p>\n<ul>\n<li data-start=\"938\" data-end=\"999\">\n<p data-start=\"940\" data-end=\"999\">Cocina sin aceite, conserva el sabor con menos grasa.<\/p>\n<\/li>\n<li data-start=\"1000\" data-end=\"1069\">\n<p data-start=\"1002\" data-end=\"1069\">Tecnolog\u00eda de convecci\u00f3n de aire caliente, uniforme y r\u00e1pida.<\/p>\n<\/li>\n<li data-start=\"1070\" data-end=\"1133\">\n<p data-start=\"1072\" data-end=\"1133\">Potencia de 1800W, ideal para preparar platos variados.<\/p>\n<\/li>\n<li data-start=\"1134\" data-end=\"1199\">\n<p data-start=\"1136\" data-end=\"1199\">Capacidad de 12 litros, perfecta para familias o eventos.<\/p>\n<\/li>\n<li data-start=\"1200\" data-end=\"1272\">\n<p data-start=\"1202\" data-end=\"1272\">Panel digital t\u00e1ctil, regula tiempo y temperatura con precisi\u00f3n.<\/p>\n<\/li>\n<li data-start=\"1273\" data-end=\"1345\">\n<p data-start=\"1275\" data-end=\"1345\">8 programas preconfigurados, simplifican el proceso de cocinado.<\/p>\n<\/li>\n<li data-start=\"1346\" data-end=\"1424\">\n<p data-start=\"1348\" data-end=\"1424\">Luz interior integrada, controla el estado de cocci\u00f3n en todo momento.<\/p>\n<\/li>\n<li data-start=\"1425\" data-end=\"1487\">\n<p data-start=\"1427\" data-end=\"1487\">Incluye accesorios de fre\u00edr y asar, f\u00e1ciles de montar.<\/p>\n<\/li>\n<li data-start=\"1488\" data-end=\"1548\">\n<p data-start=\"1490\" data-end=\"1548\">Accesorios aptos para lavavajillas, limpieza r\u00e1pida.<\/p>\n<\/li>\n<li data-start=\"1549\" data-end=\"1622\">\n<p data-start=\"1551\" data-end=\"1622\">Dise\u00f1o compacto y elegante, en color negro (\u00f8350 x 335 x 400 mm).<\/p>\n<\/li>\n<li data-start=\"1623\" data-end=\"1687\">\n<p data-start=\"1625\" data-end=\"1687\">Freidora saludable, conserva nutrientes sin a\u00f1adir grasas.<\/p>\n<\/li>\n<\/ul>\n<p><div class=\"accordion\"><div class=\"mfn-acc accordion_wrapper  toggle\"><div class=\"question\"><div class=\"title\"><i class=\"icon-plus acc-icon-plus\" aria-hidden=\"true\"><\/i><i class=\"icon-minus acc-icon-minus\" aria-hidden=\"true\"><\/i>Product data<\/div><div class=\"answer\">EAN 8425160362942<\/p>\n<p>K\u00dcKEN OIL-LESS DIGITAL DEEP FRYER 12 LITRES 1800W<\/p>\n<p>Package unit 1<br \/>\nColour Black and metallic grey.<br \/>\nPackaging Coloured box<br \/>\nPower 1800 W<br \/>\nVoltage 230 V<br \/>\nCapacity 12 Litres.<br \/>\nHigh-strength PC material.<br \/>\nDetachable Yes<br \/>\nNon-slip feet Yes<\/div><\/div>\n<\/div><\/div>\n<br \/>\n<div class=\"accordion\"><div class=\"mfn-acc accordion_wrapper  toggle\"><div class=\"question\"><div class=\"title\"><i class=\"icon-plus acc-icon-plus\" aria-hidden=\"true\"><\/i><i class=\"icon-minus acc-icon-minus\" aria-hidden=\"true\"><\/i>Accessories<\/div><div class=\"answer\"><\/div><\/div>\n<\/div><\/div>\n<\/p>\n<div class=\"descargas-producto\"><a href=\"https:\/\/dev.kuken.es\/wp-content\/uploads\/8425160362942_ficha_tecnica.pdf\"><img loading=\"lazy\" decoding=\"async\" src=\"\/wp-content\/uploads\/2019\/12\/picto-descarrega.png\" alt=\"download data sheet\" width=\"23\" height=\"16\" \/>Download sheet<\/a><br \/>\n<a href=\"https:\/\/dev.kuken.es\/wp-content\/uploads\/36294_manual_instrucciones_compressed.pdf\"><img loading=\"lazy\" decoding=\"async\" src=\"\/wp-content\/uploads\/2019\/12\/picto-descarrega.png\" alt=\"download instruction manual\" width=\"23\" height=\"16\" \/>Download manual<\/a><\/div>\n<div><\/div>\n<div><span style=\"color: #bf2121\">Follow us on social media!<\/span><\/div>\n<div><a href=\"https:\/\/www.instagram.com\/kuken_appliances\/\">https:\/\/www.instagram.com\/kuken_appliances\/<\/a><\/div>\n<p><iframe loading=\"lazy\" title=\"k\u00fcken 12L oil-free deep fryer\" width=\"560\" height=\"315\" src=\"https:\/\/www.youtube.com\/embed\/kn_DJOWjBCc?feature=oembed\" frameborder=\"0\" allow=\"accelerometer; autoplay; clipboard-write; encrypted-media; gyroscope; picture-in-picture; web-share\" referrerpolicy=\"strict-origin-when-cross-origin\" allowfullscreen><\/iframe><\/p>","protected":false},"excerpt":{"rendered":"<p data-start=\"614\" data-end=\"774\">Healthy cooking without oil. This air fryer with digital display, automatic programmes and large capacity provides you with healthy and tasty recipes.<\/p>\n<blockquote data-start=\"776\" data-end=\"870\">\n<p data-start=\"778\" data-end=\"870\">\n<\/blockquote>","protected":false},"featured_media":9216,"template":"","meta":{"rs_blank_template":"","rs_page_bg_color":"","slide_template_v7":""},"product_brand":[],"product_cat":[197],"product_tag":[],"class_list":{"0":"post-9222","1":"product","2":"type-product","3":"status-publish","4":"has-post-thumbnail","6":"product_cat-freidoras","8":"first","9":"instock","10":"shipping-taxable","11":"product-type-simple"},"yoast_head":"<!-- This site is optimized with the Yoast SEO Premium plugin v24.0 (Yoast SEO v27.3) - https:\/\/yoast.com\/product\/yoast-seo-premium-wordpress\/ -->\n<title>FREIDORA SIN ACEITE DIGITAL 12 LITROS 1800W K\u00dcKEN - K\u00fcken<\/title>\n<meta name=\"description\" content=\"Freidora sin aceite digital 12L 1800W K\u00fcken con 8 programas, luz interior, panel t\u00e1ctil y tecnolog\u00eda de convecci\u00f3n. Cocina m\u00e1s saludable y sin grasa.\" \/>\n<meta name=\"robots\" content=\"noindex, follow, max-snippet:-1, max-image-preview:large, max-video-preview:-1\" \/>\n<meta property=\"og:locale\" content=\"en_GB\" \/>\n<meta property=\"og:type\" content=\"article\" \/>\n<meta property=\"og:title\" content=\"FREIDORA SIN ACEITE DIGITAL 12 LITROS 1800W K\u00dcKEN\" \/>\n<meta property=\"og:description\" content=\"Freidora sin aceite digital 12L 1800W K\u00fcken con 8 programas, luz interior, panel t\u00e1ctil y tecnolog\u00eda de convecci\u00f3n. Cocina m\u00e1s saludable y sin grasa.\" \/>\n<meta property=\"og:url\" content=\"https:\/\/dev.kuken.es\/en\/product-2\/electric-kuken-digital-oil-free-fryer-5\/\" \/>\n<meta property=\"og:site_name\" content=\"K\u00fcken\" \/>\n<meta property=\"article:publisher\" content=\"https:\/\/es-es.facebook.com\/alfadyser\/\" \/>\n<meta property=\"article:modified_time\" content=\"2025-07-22T09:06:31+00:00\" \/>\n<meta property=\"og:image\" content=\"https:\/\/dev.kuken.es\/wp-content\/uploads\/8425160362942_01.jpg\" \/>\n\t<meta property=\"og:image:width\" content=\"2000\" \/>\n\t<meta property=\"og:image:height\" content=\"2000\" \/>\n\t<meta property=\"og:image:type\" content=\"image\/jpeg\" \/>\n<meta name=\"twitter:card\" content=\"summary_large_image\" \/>\n<meta name=\"twitter:label1\" content=\"Price\" \/>\n\t<meta name=\"twitter:data1\" content=\"\" \/>\n\t<meta name=\"twitter:label2\" content=\"Availability\" \/>\n\t<meta name=\"twitter:data2\" content=\"In stock\" \/>\n<script type=\"application\/ld+json\" class=\"yoast-schema-graph\">{\"@context\":\"https:\\\/\\\/schema.org\",\"@graph\":[{\"@type\":\"WebPage\",\"@id\":\"https:\\\/\\\/dev.kuken.es\\\/producto\\\/freidora-kuken-sin-aceite-digital-12-litros\\\/\",\"url\":\"https:\\\/\\\/dev.kuken.es\\\/producto\\\/freidora-kuken-sin-aceite-digital-12-litros\\\/\",\"name\":\"FREIDORA SIN ACEITE DIGITAL 12 LITROS 1800W K\u00dcKEN - K\u00fcken\",\"isPartOf\":{\"@id\":\"https:\\\/\\\/dev.kuken.es\\\/#website\"},\"primaryImageOfPage\":{\"@id\":\"https:\\\/\\\/dev.kuken.es\\\/producto\\\/freidora-kuken-sin-aceite-digital-12-litros\\\/#primaryimage\"},\"image\":{\"@id\":\"https:\\\/\\\/dev.kuken.es\\\/producto\\\/freidora-kuken-sin-aceite-digital-12-litros\\\/#primaryimage\"},\"thumbnailUrl\":\"https:\\\/\\\/dev.kuken.es\\\/wp-content\\\/uploads\\\/8425160362942_01.jpg\",\"datePublished\":\"2022-08-29T13:15:07+00:00\",\"dateModified\":\"2025-07-22T09:06:31+00:00\",\"description\":\"Freidora sin aceite digital 12L 1800W K\u00fcken con 8 programas, luz interior, panel t\u00e1ctil y tecnolog\u00eda de convecci\u00f3n. Cocina m\u00e1s saludable y sin grasa.\",\"breadcrumb\":{\"@id\":\"https:\\\/\\\/dev.kuken.es\\\/producto\\\/freidora-kuken-sin-aceite-digital-12-litros\\\/#breadcrumb\"},\"inLanguage\":\"en-GB\",\"potentialAction\":[{\"@type\":\"ReadAction\",\"target\":[\"https:\\\/\\\/dev.kuken.es\\\/producto\\\/freidora-kuken-sin-aceite-digital-12-litros\\\/\"]}]},{\"@type\":\"ImageObject\",\"inLanguage\":\"en-GB\",\"@id\":\"https:\\\/\\\/dev.kuken.es\\\/producto\\\/freidora-kuken-sin-aceite-digital-12-litros\\\/#primaryimage\",\"url\":\"https:\\\/\\\/dev.kuken.es\\\/wp-content\\\/uploads\\\/8425160362942_01.jpg\",\"contentUrl\":\"https:\\\/\\\/dev.kuken.es\\\/wp-content\\\/uploads\\\/8425160362942_01.jpg\",\"width\":2000,\"height\":2000},{\"@type\":\"BreadcrumbList\",\"@id\":\"https:\\\/\\\/dev.kuken.es\\\/producto\\\/freidora-kuken-sin-aceite-digital-12-litros\\\/#breadcrumb\",\"itemListElement\":[{\"@type\":\"ListItem\",\"position\":1,\"name\":\"Portada\",\"item\":\"https:\\\/\\\/dev.kuken.es\\\/\"},{\"@type\":\"ListItem\",\"position\":2,\"name\":\"Productos\",\"item\":\"https:\\\/\\\/dev.kuken.es\\\/productos\\\/\"},{\"@type\":\"ListItem\",\"position\":3,\"name\":\"FREIDORA SIN ACEITE DIGITAL 12 LITROS 1800W K\u00dcKEN\"}]},{\"@type\":\"WebSite\",\"@id\":\"https:\\\/\\\/dev.kuken.es\\\/#website\",\"url\":\"https:\\\/\\\/dev.kuken.es\\\/\",\"name\":\"K\u00fcken\",\"description\":\"Amplia gama de peque\u00f1o electrodom\u00e9stico k\u00fcken\",\"publisher\":{\"@id\":\"https:\\\/\\\/dev.kuken.es\\\/#organization\"},\"potentialAction\":[{\"@type\":\"SearchAction\",\"target\":{\"@type\":\"EntryPoint\",\"urlTemplate\":\"https:\\\/\\\/dev.kuken.es\\\/?s={search_term_string}\"},\"query-input\":{\"@type\":\"PropertyValueSpecification\",\"valueRequired\":true,\"valueName\":\"search_term_string\"}}],\"inLanguage\":\"en-GB\"},{\"@type\":\"Organization\",\"@id\":\"https:\\\/\\\/dev.kuken.es\\\/#organization\",\"name\":\"Alfa Dyser\",\"url\":\"https:\\\/\\\/dev.kuken.es\\\/\",\"logo\":{\"@type\":\"ImageObject\",\"inLanguage\":\"en-GB\",\"@id\":\"https:\\\/\\\/dev.kuken.es\\\/#\\\/schema\\\/logo\\\/image\\\/\",\"url\":\"https:\\\/\\\/dev.kuken.es\\\/wp-content\\\/uploads\\\/2019\\\/04\\\/kuken-logo.png\",\"contentUrl\":\"https:\\\/\\\/dev.kuken.es\\\/wp-content\\\/uploads\\\/2019\\\/04\\\/kuken-logo.png\",\"width\":500,\"height\":191,\"caption\":\"Alfa Dyser\"},\"image\":{\"@id\":\"https:\\\/\\\/dev.kuken.es\\\/#\\\/schema\\\/logo\\\/image\\\/\"},\"sameAs\":[\"https:\\\/\\\/es-es.facebook.com\\\/alfadyser\\\/\",\"https:\\\/\\\/www.instagram.com\\\/kuken_appliances\\\/\"]}]}<\/script>\n<meta property=\"product:price:currency\" content=\"EUR\" \/>\n<meta property=\"og:availability\" content=\"instock\" \/>\n<meta property=\"product:availability\" content=\"instock\" \/>\n<meta property=\"product:retailer_item_id\" content=\"36294\" \/>\n<meta property=\"product:condition\" content=\"new\" \/>\n<!-- \/ Yoast SEO Premium plugin. -->","yoast_head_json":{"title":"K\u00dcKEN 12 LITRE 1800W DIGITAL OIL-LESS DEEP FRYER - K\u00fcken","description":"12L 1800W K\u00fcken digital oil-less deep fryer with 8 programmes, interior light, touch panel and convection technology. Healthier and fat-free cooking.","robots":{"index":"noindex","follow":"follow","max-snippet":"max-snippet:-1","max-image-preview":"max-image-preview:large","max-video-preview":"max-video-preview:-1"},"og_locale":"en_GB","og_type":"article","og_title":"FREIDORA SIN ACEITE DIGITAL 12 LITROS 1800W K\u00dcKEN","og_description":"Freidora sin aceite digital 12L 1800W K\u00fcken con 8 programas, luz interior, panel t\u00e1ctil y tecnolog\u00eda de convecci\u00f3n. Cocina m\u00e1s saludable y sin grasa.","og_url":"https:\/\/dev.kuken.es\/en\/product-2\/electric-kuken-digital-oil-free-fryer-5\/","og_site_name":"K\u00fcken","article_publisher":"https:\/\/es-es.facebook.com\/alfadyser\/","article_modified_time":"2025-07-22T09:06:31+00:00","og_image":[{"width":2000,"height":2000,"url":"https:\/\/dev.kuken.es\/wp-content\/uploads\/8425160362942_01.jpg","type":"image\/jpeg"}],"twitter_card":"summary_large_image","twitter_misc":{"Price":"","Availability":"In stock"},"schema":{"@context":"https:\/\/schema.org","@graph":[{"@type":"WebPage","@id":"https:\/\/dev.kuken.es\/producto\/freidora-kuken-sin-aceite-digital-12-litros\/","url":"https:\/\/dev.kuken.es\/producto\/freidora-kuken-sin-aceite-digital-12-litros\/","name":"K\u00dcKEN 12 LITRE 1800W DIGITAL OIL-LESS DEEP FRYER - K\u00fcken","isPartOf":{"@id":"https:\/\/dev.kuken.es\/#website"},"primaryImageOfPage":{"@id":"https:\/\/dev.kuken.es\/producto\/freidora-kuken-sin-aceite-digital-12-litros\/#primaryimage"},"image":{"@id":"https:\/\/dev.kuken.es\/producto\/freidora-kuken-sin-aceite-digital-12-litros\/#primaryimage"},"thumbnailUrl":"https:\/\/dev.kuken.es\/wp-content\/uploads\/8425160362942_01.jpg","datePublished":"2022-08-29T13:15:07+00:00","dateModified":"2025-07-22T09:06:31+00:00","description":"12L 1800W K\u00fcken digital oil-less deep fryer with 8 programmes, interior light, touch panel and convection technology. Healthier and fat-free cooking.","breadcrumb":{"@id":"https:\/\/dev.kuken.es\/producto\/freidora-kuken-sin-aceite-digital-12-litros\/#breadcrumb"},"inLanguage":"en-GB","potentialAction":[{"@type":"ReadAction","target":["https:\/\/dev.kuken.es\/producto\/freidora-kuken-sin-aceite-digital-12-litros\/"]}]},{"@type":"ImageObject","inLanguage":"en-GB","@id":"https:\/\/dev.kuken.es\/producto\/freidora-kuken-sin-aceite-digital-12-litros\/#primaryimage","url":"https:\/\/dev.kuken.es\/wp-content\/uploads\/8425160362942_01.jpg","contentUrl":"https:\/\/dev.kuken.es\/wp-content\/uploads\/8425160362942_01.jpg","width":2000,"height":2000},{"@type":"BreadcrumbList","@id":"https:\/\/dev.kuken.es\/producto\/freidora-kuken-sin-aceite-digital-12-litros\/#breadcrumb","itemListElement":[{"@type":"ListItem","position":1,"name":"Portada","item":"https:\/\/dev.kuken.es\/"},{"@type":"ListItem","position":2,"name":"Productos","item":"https:\/\/dev.kuken.es\/productos\/"},{"@type":"ListItem","position":3,"name":"FREIDORA SIN ACEITE DIGITAL 12 LITROS 1800W K\u00dcKEN"}]},{"@type":"WebSite","@id":"https:\/\/dev.kuken.es\/#website","url":"https:\/\/dev.kuken.es\/","name":"K\u00fcken","description":"Wide range of k\u00fcken small household appliances","publisher":{"@id":"https:\/\/dev.kuken.es\/#organization"},"potentialAction":[{"@type":"SearchAction","target":{"@type":"EntryPoint","urlTemplate":"https:\/\/dev.kuken.es\/?s={search_term_string}"},"query-input":{"@type":"PropertyValueSpecification","valueRequired":true,"valueName":"search_term_string"}}],"inLanguage":"en-GB"},{"@type":"Organization","@id":"https:\/\/dev.kuken.es\/#organization","name":"Alpha Dyser","url":"https:\/\/dev.kuken.es\/","logo":{"@type":"ImageObject","inLanguage":"en-GB","@id":"https:\/\/dev.kuken.es\/#\/schema\/logo\/image\/","url":"https:\/\/dev.kuken.es\/wp-content\/uploads\/2019\/04\/kuken-logo.png","contentUrl":"https:\/\/dev.kuken.es\/wp-content\/uploads\/2019\/04\/kuken-logo.png","width":500,"height":191,"caption":"Alfa Dyser"},"image":{"@id":"https:\/\/dev.kuken.es\/#\/schema\/logo\/image\/"},"sameAs":["https:\/\/es-es.facebook.com\/alfadyser\/","https:\/\/www.instagram.com\/kuken_appliances\/"]}]},"product_price_currency":"EUR","og_availability":"instock","product_availability":"instock","product_retailer_item_id":"36294","product_condition":"new"},"_links":{"self":[{"href":"https:\/\/dev.kuken.es\/en\/wp-json\/wp\/v2\/product\/9222","targetHints":{"allow":["GET"]}}],"collection":[{"href":"https:\/\/dev.kuken.es\/en\/wp-json\/wp\/v2\/product"}],"about":[{"href":"https:\/\/dev.kuken.es\/en\/wp-json\/wp\/v2\/types\/product"}],"wp:featuredmedia":[{"embeddable":true,"href":"https:\/\/dev.kuken.es\/en\/wp-json\/wp\/v2\/media\/9216"}],"wp:attachment":[{"href":"https:\/\/dev.kuken.es\/en\/wp-json\/wp\/v2\/media?parent=9222"}],"wp:term":[{"taxonomy":"product_brand","embeddable":true,"href":"https:\/\/dev.kuken.es\/en\/wp-json\/wp\/v2\/product_brand?post=9222"},{"taxonomy":"product_cat","embeddable":true,"href":"https:\/\/dev.kuken.es\/en\/wp-json\/wp\/v2\/product_cat?post=9222"},{"taxonomy":"product_tag","embeddable":true,"href":"https:\/\/dev.kuken.es\/en\/wp-json\/wp\/v2\/product_tag?post=9222"}],"curies":[{"name":"wp","href":"https:\/\/api.w.org\/{rel}","templated":true}]}}