{"id":6543,"date":"2020-11-11T15:35:43","date_gmt":"2020-11-11T14:35:43","guid":{"rendered":"https:\/\/dev.kuken.es\/?post_type=product&#038;p=6543"},"modified":"2025-07-22T14:26:22","modified_gmt":"2025-07-22T12:26:22","slug":"vacuum-cleaner-brush-kuken-battery-29-6v","status":"publish","type":"product","link":"https:\/\/dev.kuken.es\/en\/producto\/aspirador-escoba-kuken-bateria-29-6v\/","title":{"rendered":"K\u00dcKEN HOOVER BROOM BATTERY 29.6V"},"content":{"rendered":"<div class=\"puntos\">\n<p>K\u00dcKEN HOOVER BROOM BATTERY 29.6V<\/p>\n<ul data-start=\"546\" data-end=\"1013\">\n<li data-start=\"546\" data-end=\"626\">\n<p data-start=\"548\" data-end=\"626\">Sistema Cyclonic inteligente: mantiene la succi\u00f3n constante y eficiente.<\/p>\n<\/li>\n<li data-start=\"627\" data-end=\"693\">\n<p data-start=\"629\" data-end=\"693\">2 en 1: se transforma f\u00e1cilmente en aspirador de mano.<\/p>\n<\/li>\n<li data-start=\"694\" data-end=\"760\">\n<p data-start=\"696\" data-end=\"760\">Filtro 3D HEPA: captura al\u00e9rgenos, polvo fino y bacterias.<\/p>\n<\/li>\n<li data-start=\"761\" data-end=\"849\">\n<p data-start=\"763\" data-end=\"849\">Tres modos de velocidad: ECO (60 min), AUTO (45 min) y MAX (23 min).<\/p>\n<\/li>\n<li data-start=\"850\" data-end=\"914\">\n<p data-start=\"852\" data-end=\"914\">Luz LED frontal: mejora la visibilidad en zonas oscuras.<\/p>\n<\/li>\n<li data-start=\"915\" data-end=\"1013\">\n<p data-start=\"917\" data-end=\"1013\">Accesorios incluidos: diferentes cepillos y boquilla de succi\u00f3n para mayor versatilidad.<\/p>\n<\/li>\n<\/ul>\n<p>&nbsp;<\/p>\n<\/div>\n<div class=\"accordion\"><div class=\"mfn-acc accordion_wrapper  toggle\"><div class=\"question\"><div class=\"title\"><i class=\"icon-plus acc-icon-plus\" aria-hidden=\"true\"><\/i><i class=\"icon-minus acc-icon-minus\" aria-hidden=\"true\"><\/i>Product data<\/div><div class=\"answer\">EAN: 8425160341305<\/p>\n<p>K\u00dcKEN HOOVER BROOM BATTERY 29.6V<\/p>\n<p>Units: 1<br \/>\nColour: Grey and red<br \/>\nPackaging: Coloured box<br \/>\nPower: 29.6V<br \/>\nSpeeds: 3<br \/>\nDetachable: Yes<br \/>\nLed light: Yes<\/p>\n<p><div class=\"accordion\"><div class=\"mfn-acc accordion_wrapper  toggle\"><\/div><\/div>\n<div class=\"question\"><div class=\"title\"><i class=\"icon-plus acc-icon-plus\" aria-hidden=\"true\"><\/i><i class=\"icon-minus acc-icon-minus\" aria-hidden=\"true\"><\/i>Accessories<\/div><div class=\"answer\"><\/div><\/div>\n<\/div><\/div>\n<\/div><\/div>\n\n<div class=\"descargas-producto\"><a href=\"\/wp-content\/uploads\/pdf\/8425160340193_ficha_tecnica.pdf\" target=\"_blank\" rel=\"noopener noreferrer\" data-wp-editing=\"1\"><br \/>\n<\/a><a href=\"https:\/\/dev.kuken.es\/wp-content\/uploads\/pdf\/8425160358273_02_ficha_tecnica.pdf\" target=\"_blank\" rel=\"noopener noreferrer\"><img loading=\"lazy\" decoding=\"async\" class=\"alignnone\" src=\"\/wp-content\/uploads\/2019\/12\/picto-descarrega.png\" alt=\"download data sheet\" width=\"23\" height=\"16\" \/><\/a><a href=\"https:\/\/dev.kuken.es\/wp-content\/uploads\/pdf\/8425160341305_ficha_tecnica.pdf\" target=\"_blank\" rel=\"noopener noreferrer\" data-wp-editing=\"1\">Download sheet<\/a><br \/>\n<a href=\"\/wp-content\/uploads\/pdf\/34130_instrucciones.pdf\"><img loading=\"lazy\" decoding=\"async\" class=\"alignnone\" src=\"\/wp-content\/uploads\/2019\/12\/picto-descarrega.png\" alt=\"download instruction manual\" width=\"23\" height=\"16\" \/>Download manual<\/a><\/div>\n<div><\/div>\n<div><span style=\"color: #bf2121\">Follow us on social media!<\/span><\/div>\n<div><a href=\"https:\/\/www.instagram.com\/kuken_appliances\/\">https:\/\/www.instagram.com\/kuken_appliances\/<\/a><\/div>\n<div><\/div>\n<p><iframe loading=\"lazy\" title=\"29.6V k\u00fcken Smart Vacuum Cleaner\" width=\"560\" height=\"315\" src=\"https:\/\/www.youtube.com\/embed\/nBP00GMR6Aw?feature=oembed\" frameborder=\"0\" allow=\"accelerometer; autoplay; clipboard-write; encrypted-media; gyroscope; picture-in-picture; web-share\" referrerpolicy=\"strict-origin-when-cross-origin\" allowfullscreen><\/iframe><\/p>","protected":false},"excerpt":{"rendered":"<p data-start=\"354\" data-end=\"508\">Limpieza total sin esfuerzo con este aspirador escoba 2 en 1. Ideal para todo tipo de superficies gracias a su potencia, autonom\u00eda y accesorios incluidos.<\/p>","protected":false},"featured_media":6548,"template":"","meta":{"rs_blank_template":"","rs_page_bg_color":"","slide_template_v7":""},"product_brand":[],"product_cat":[208],"product_tag":[],"class_list":{"0":"post-6543","1":"product","2":"type-product","3":"status-publish","4":"has-post-thumbnail","6":"product_cat-aspiradores","8":"first","9":"instock","10":"product-type-simple"},"yoast_head":"<!-- This site is optimized with the Yoast SEO Premium plugin v24.0 (Yoast SEO v27.3) - https:\/\/yoast.com\/product\/yoast-seo-premium-wordpress\/ -->\n<title>ASPIRADOR ESCOBA K\u00dcKEN BATER\u00cdA 29.6V - K\u00fcken<\/title>\n<meta name=\"description\" content=\"Aspirador escoba inteligente k\u00fcken, tecnolog\u00eda sin cable. 2 en 1; aspirador tipo escoba y aspirador de mano. Desc\u00fabrelo aqu\u00ed.\" \/>\n<meta name=\"robots\" content=\"noindex, follow, max-snippet:-1, max-image-preview:large, max-video-preview:-1\" \/>\n<meta property=\"og:locale\" content=\"en_GB\" \/>\n<meta property=\"og:type\" content=\"article\" \/>\n<meta property=\"og:title\" content=\"ASPIRADOR ESCOBA K\u00dcKEN BATER\u00cdA 29.6V\" \/>\n<meta property=\"og:description\" content=\"Aspirador escoba inteligente k\u00fcken, tecnolog\u00eda sin cable. 2 en 1; aspirador tipo escoba y aspirador de mano. Desc\u00fabrelo aqu\u00ed.\" \/>\n<meta property=\"og:url\" content=\"https:\/\/dev.kuken.es\/en\/product-2\/vacuum-cleaner-brush-kuken-battery-29-6v\/\" \/>\n<meta property=\"og:site_name\" content=\"K\u00fcken\" \/>\n<meta property=\"article:publisher\" content=\"https:\/\/es-es.facebook.com\/alfadyser\/\" \/>\n<meta property=\"article:modified_time\" content=\"2025-07-22T12:26:22+00:00\" \/>\n<meta property=\"og:image\" content=\"https:\/\/dev.kuken.es\/wp-content\/uploads\/34130_2.jpg\" \/>\n\t<meta property=\"og:image:width\" content=\"2000\" \/>\n\t<meta property=\"og:image:height\" content=\"2000\" \/>\n\t<meta property=\"og:image:type\" content=\"image\/jpeg\" \/>\n<meta name=\"twitter:card\" content=\"summary_large_image\" \/>\n<meta name=\"twitter:label1\" content=\"Price\" \/>\n\t<meta name=\"twitter:data1\" content=\"\" \/>\n\t<meta name=\"twitter:label2\" content=\"Availability\" \/>\n\t<meta name=\"twitter:data2\" content=\"In stock\" \/>\n<script type=\"application\/ld+json\" class=\"yoast-schema-graph\">{\"@context\":\"https:\\\/\\\/schema.org\",\"@graph\":[{\"@type\":\"WebPage\",\"@id\":\"https:\\\/\\\/dev.kuken.es\\\/producto\\\/aspirador-escoba-kuken-bateria-29-6v\\\/\",\"url\":\"https:\\\/\\\/dev.kuken.es\\\/producto\\\/aspirador-escoba-kuken-bateria-29-6v\\\/\",\"name\":\"ASPIRADOR ESCOBA K\u00dcKEN BATER\u00cdA 29.6V - K\u00fcken\",\"isPartOf\":{\"@id\":\"https:\\\/\\\/dev.kuken.es\\\/#website\"},\"primaryImageOfPage\":{\"@id\":\"https:\\\/\\\/dev.kuken.es\\\/producto\\\/aspirador-escoba-kuken-bateria-29-6v\\\/#primaryimage\"},\"image\":{\"@id\":\"https:\\\/\\\/dev.kuken.es\\\/producto\\\/aspirador-escoba-kuken-bateria-29-6v\\\/#primaryimage\"},\"thumbnailUrl\":\"https:\\\/\\\/dev.kuken.es\\\/wp-content\\\/uploads\\\/34130_2.jpg\",\"datePublished\":\"2020-11-11T14:35:43+00:00\",\"dateModified\":\"2025-07-22T12:26:22+00:00\",\"description\":\"Aspirador escoba inteligente k\u00fcken, tecnolog\u00eda sin cable. 2 en 1; aspirador tipo escoba y aspirador de mano. Desc\u00fabrelo aqu\u00ed.\",\"breadcrumb\":{\"@id\":\"https:\\\/\\\/dev.kuken.es\\\/producto\\\/aspirador-escoba-kuken-bateria-29-6v\\\/#breadcrumb\"},\"inLanguage\":\"en-GB\",\"potentialAction\":[{\"@type\":\"ReadAction\",\"target\":[\"https:\\\/\\\/dev.kuken.es\\\/producto\\\/aspirador-escoba-kuken-bateria-29-6v\\\/\"]}]},{\"@type\":\"ImageObject\",\"inLanguage\":\"en-GB\",\"@id\":\"https:\\\/\\\/dev.kuken.es\\\/producto\\\/aspirador-escoba-kuken-bateria-29-6v\\\/#primaryimage\",\"url\":\"https:\\\/\\\/dev.kuken.es\\\/wp-content\\\/uploads\\\/34130_2.jpg\",\"contentUrl\":\"https:\\\/\\\/dev.kuken.es\\\/wp-content\\\/uploads\\\/34130_2.jpg\",\"width\":2000,\"height\":2000,\"caption\":\"Aspirador 2 en 1. Aspirador escoba y aspirador de mano.\"},{\"@type\":\"BreadcrumbList\",\"@id\":\"https:\\\/\\\/dev.kuken.es\\\/producto\\\/aspirador-escoba-kuken-bateria-29-6v\\\/#breadcrumb\",\"itemListElement\":[{\"@type\":\"ListItem\",\"position\":1,\"name\":\"Portada\",\"item\":\"https:\\\/\\\/dev.kuken.es\\\/\"},{\"@type\":\"ListItem\",\"position\":2,\"name\":\"Productos\",\"item\":\"https:\\\/\\\/dev.kuken.es\\\/productos\\\/\"},{\"@type\":\"ListItem\",\"position\":3,\"name\":\"ASPIRADOR ESCOBA K\u00dcKEN BATER\u00cdA 29.6V\"}]},{\"@type\":\"WebSite\",\"@id\":\"https:\\\/\\\/dev.kuken.es\\\/#website\",\"url\":\"https:\\\/\\\/dev.kuken.es\\\/\",\"name\":\"K\u00fcken\",\"description\":\"Amplia gama de peque\u00f1o electrodom\u00e9stico k\u00fcken\",\"publisher\":{\"@id\":\"https:\\\/\\\/dev.kuken.es\\\/#organization\"},\"potentialAction\":[{\"@type\":\"SearchAction\",\"target\":{\"@type\":\"EntryPoint\",\"urlTemplate\":\"https:\\\/\\\/dev.kuken.es\\\/?s={search_term_string}\"},\"query-input\":{\"@type\":\"PropertyValueSpecification\",\"valueRequired\":true,\"valueName\":\"search_term_string\"}}],\"inLanguage\":\"en-GB\"},{\"@type\":\"Organization\",\"@id\":\"https:\\\/\\\/dev.kuken.es\\\/#organization\",\"name\":\"Alfa Dyser\",\"url\":\"https:\\\/\\\/dev.kuken.es\\\/\",\"logo\":{\"@type\":\"ImageObject\",\"inLanguage\":\"en-GB\",\"@id\":\"https:\\\/\\\/dev.kuken.es\\\/#\\\/schema\\\/logo\\\/image\\\/\",\"url\":\"https:\\\/\\\/dev.kuken.es\\\/wp-content\\\/uploads\\\/2019\\\/04\\\/kuken-logo.png\",\"contentUrl\":\"https:\\\/\\\/dev.kuken.es\\\/wp-content\\\/uploads\\\/2019\\\/04\\\/kuken-logo.png\",\"width\":500,\"height\":191,\"caption\":\"Alfa Dyser\"},\"image\":{\"@id\":\"https:\\\/\\\/dev.kuken.es\\\/#\\\/schema\\\/logo\\\/image\\\/\"},\"sameAs\":[\"https:\\\/\\\/es-es.facebook.com\\\/alfadyser\\\/\",\"https:\\\/\\\/www.instagram.com\\\/kuken_appliances\\\/\"]}]}<\/script>\n<meta property=\"product:price:currency\" content=\"EUR\" \/>\n<meta property=\"og:availability\" content=\"instock\" \/>\n<meta property=\"product:availability\" content=\"instock\" \/>\n<meta property=\"product:retailer_item_id\" content=\"34130\" \/>\n<meta property=\"product:condition\" content=\"new\" \/>\n<!-- \/ Yoast SEO Premium plugin. -->","yoast_head_json":{"title":"K\u00dcKEN BATTERY BUGGET BLOWER 29.6V - K\u00fcken","description":"k\u00fcken smart broom hoover, cordless technology. 2 in 1; broom type hoover and handheld hoover. Discover it here.","robots":{"index":"noindex","follow":"follow","max-snippet":"max-snippet:-1","max-image-preview":"max-image-preview:large","max-video-preview":"max-video-preview:-1"},"og_locale":"en_GB","og_type":"article","og_title":"ASPIRADOR ESCOBA K\u00dcKEN BATER\u00cdA 29.6V","og_description":"Aspirador escoba inteligente k\u00fcken, tecnolog\u00eda sin cable. 2 en 1; aspirador tipo escoba y aspirador de mano. Desc\u00fabrelo aqu\u00ed.","og_url":"https:\/\/dev.kuken.es\/en\/product-2\/vacuum-cleaner-brush-kuken-battery-29-6v\/","og_site_name":"K\u00fcken","article_publisher":"https:\/\/es-es.facebook.com\/alfadyser\/","article_modified_time":"2025-07-22T12:26:22+00:00","og_image":[{"width":2000,"height":2000,"url":"https:\/\/dev.kuken.es\/wp-content\/uploads\/34130_2.jpg","type":"image\/jpeg"}],"twitter_card":"summary_large_image","twitter_misc":{"Price":"","Availability":"In stock"},"schema":{"@context":"https:\/\/schema.org","@graph":[{"@type":"WebPage","@id":"https:\/\/dev.kuken.es\/producto\/aspirador-escoba-kuken-bateria-29-6v\/","url":"https:\/\/dev.kuken.es\/producto\/aspirador-escoba-kuken-bateria-29-6v\/","name":"K\u00dcKEN BATTERY BUGGET BLOWER 29.6V - K\u00fcken","isPartOf":{"@id":"https:\/\/dev.kuken.es\/#website"},"primaryImageOfPage":{"@id":"https:\/\/dev.kuken.es\/producto\/aspirador-escoba-kuken-bateria-29-6v\/#primaryimage"},"image":{"@id":"https:\/\/dev.kuken.es\/producto\/aspirador-escoba-kuken-bateria-29-6v\/#primaryimage"},"thumbnailUrl":"https:\/\/dev.kuken.es\/wp-content\/uploads\/34130_2.jpg","datePublished":"2020-11-11T14:35:43+00:00","dateModified":"2025-07-22T12:26:22+00:00","description":"k\u00fcken smart broom hoover, cordless technology. 2 in 1; broom type hoover and handheld hoover. Discover it here.","breadcrumb":{"@id":"https:\/\/dev.kuken.es\/producto\/aspirador-escoba-kuken-bateria-29-6v\/#breadcrumb"},"inLanguage":"en-GB","potentialAction":[{"@type":"ReadAction","target":["https:\/\/dev.kuken.es\/producto\/aspirador-escoba-kuken-bateria-29-6v\/"]}]},{"@type":"ImageObject","inLanguage":"en-GB","@id":"https:\/\/dev.kuken.es\/producto\/aspirador-escoba-kuken-bateria-29-6v\/#primaryimage","url":"https:\/\/dev.kuken.es\/wp-content\/uploads\/34130_2.jpg","contentUrl":"https:\/\/dev.kuken.es\/wp-content\/uploads\/34130_2.jpg","width":2000,"height":2000,"caption":"Aspirador 2 en 1. Aspirador escoba y aspirador de mano."},{"@type":"BreadcrumbList","@id":"https:\/\/dev.kuken.es\/producto\/aspirador-escoba-kuken-bateria-29-6v\/#breadcrumb","itemListElement":[{"@type":"ListItem","position":1,"name":"Portada","item":"https:\/\/dev.kuken.es\/"},{"@type":"ListItem","position":2,"name":"Productos","item":"https:\/\/dev.kuken.es\/productos\/"},{"@type":"ListItem","position":3,"name":"ASPIRADOR ESCOBA K\u00dcKEN BATER\u00cdA 29.6V"}]},{"@type":"WebSite","@id":"https:\/\/dev.kuken.es\/#website","url":"https:\/\/dev.kuken.es\/","name":"K\u00fcken","description":"Wide range of k\u00fcken small household appliances","publisher":{"@id":"https:\/\/dev.kuken.es\/#organization"},"potentialAction":[{"@type":"SearchAction","target":{"@type":"EntryPoint","urlTemplate":"https:\/\/dev.kuken.es\/?s={search_term_string}"},"query-input":{"@type":"PropertyValueSpecification","valueRequired":true,"valueName":"search_term_string"}}],"inLanguage":"en-GB"},{"@type":"Organization","@id":"https:\/\/dev.kuken.es\/#organization","name":"Alpha Dyser","url":"https:\/\/dev.kuken.es\/","logo":{"@type":"ImageObject","inLanguage":"en-GB","@id":"https:\/\/dev.kuken.es\/#\/schema\/logo\/image\/","url":"https:\/\/dev.kuken.es\/wp-content\/uploads\/2019\/04\/kuken-logo.png","contentUrl":"https:\/\/dev.kuken.es\/wp-content\/uploads\/2019\/04\/kuken-logo.png","width":500,"height":191,"caption":"Alfa Dyser"},"image":{"@id":"https:\/\/dev.kuken.es\/#\/schema\/logo\/image\/"},"sameAs":["https:\/\/es-es.facebook.com\/alfadyser\/","https:\/\/www.instagram.com\/kuken_appliances\/"]}]},"product_price_currency":"EUR","og_availability":"instock","product_availability":"instock","product_retailer_item_id":"34130","product_condition":"new"},"_links":{"self":[{"href":"https:\/\/dev.kuken.es\/en\/wp-json\/wp\/v2\/product\/6543","targetHints":{"allow":["GET"]}}],"collection":[{"href":"https:\/\/dev.kuken.es\/en\/wp-json\/wp\/v2\/product"}],"about":[{"href":"https:\/\/dev.kuken.es\/en\/wp-json\/wp\/v2\/types\/product"}],"wp:featuredmedia":[{"embeddable":true,"href":"https:\/\/dev.kuken.es\/en\/wp-json\/wp\/v2\/media\/6548"}],"wp:attachment":[{"href":"https:\/\/dev.kuken.es\/en\/wp-json\/wp\/v2\/media?parent=6543"}],"wp:term":[{"taxonomy":"product_brand","embeddable":true,"href":"https:\/\/dev.kuken.es\/en\/wp-json\/wp\/v2\/product_brand?post=6543"},{"taxonomy":"product_cat","embeddable":true,"href":"https:\/\/dev.kuken.es\/en\/wp-json\/wp\/v2\/product_cat?post=6543"},{"taxonomy":"product_tag","embeddable":true,"href":"https:\/\/dev.kuken.es\/en\/wp-json\/wp\/v2\/product_tag?post=6543"}],"curies":[{"name":"wp","href":"https:\/\/api.w.org\/{rel}","templated":true}]}}