{"id":3591,"date":"2020-03-02T10:31:51","date_gmt":"2020-03-02T09:31:51","guid":{"rendered":"https:\/\/dev.kuken.es\/producto\/reloj-cocina-negro-cromo-redondo-25cm-kuken\/"},"modified":"2025-07-23T09:14:00","modified_gmt":"2025-07-23T07:14:00","slug":"uhr-kuechen-schwarz-chrom-rund-25cm-kuken","status":"publish","type":"product","link":"https:\/\/dev.kuken.es\/de\/producto\/reloj-cocina-negro-cromo-redondo-25cm-kuken\/","title":{"rendered":"K\u00dcCHENTIMER SCHWARZ\/CHROM RUND 25CM K\u00dcKEN"},"content":{"rendered":"<p>K\u00dcCHENTIMER SCHWARZ\/CHROM RUND 25CM K\u00dcKEN<\/p>\n<ul>\n<li data-start=\"761\" data-end=\"839\">\n<p data-start=\"763\" data-end=\"839\">Dise\u00f1o decorativo y funcional, ideal para cocinas modernas o cl\u00e1sicas.<\/p>\n<\/li>\n<li data-start=\"840\" data-end=\"919\">\n<p data-start=\"842\" data-end=\"919\">Acabados cromados, grises, negros e iridiscentes que aportan elegancia.<\/p>\n<\/li>\n<li data-start=\"920\" data-end=\"986\">\n<p data-start=\"922\" data-end=\"986\">Agujas cromadas que contrastan perfectamente con el fondo.<\/p>\n<\/li>\n<li data-start=\"987\" data-end=\"1080\">\n<p data-start=\"989\" data-end=\"1080\">N\u00fameros iridiscentes sobre fondo cuadriculado, lectura clara y visualmente atractiva.<\/p>\n<\/li>\n<li data-start=\"1081\" data-end=\"1154\">\n<p data-start=\"1083\" data-end=\"1154\">Tecnolog\u00eda No Ticking, garantiza un entorno silencioso y preciso.<\/p>\n<\/li>\n<li data-start=\"1155\" data-end=\"1204\">\n<p data-start=\"1157\" data-end=\"1204\">Mecanismo de cuarzo confiable y duradero.<\/p>\n<\/li>\n<li data-start=\"1205\" data-end=\"1283\">\n<p data-start=\"1207\" data-end=\"1283\">Carcasa de pl\u00e1stico resistente, con acabado cromado de f\u00e1cil limpieza.<\/p>\n<\/li>\n<li data-start=\"1284\" data-end=\"1344\">\n<p data-start=\"1286\" data-end=\"1344\">Alimentaci\u00f3n por 1 pila AA (incluida en el paquete).<\/p>\n<\/li>\n<li data-start=\"1345\" data-end=\"1418\">\n<p data-start=\"1347\" data-end=\"1418\">Perfecto para uso dom\u00e9stico o como elemento decorativo funcional.<\/p>\n<\/li>\n<li data-start=\"1419\" data-end=\"1493\">\n<p data-start=\"1421\" data-end=\"1493\">Una soluci\u00f3n elegante para mantener el tiempo bajo control en la cocina.<\/p>\n<\/li>\n<\/ul>\n<p><div class=\"accordion\"><div class=\"mfn-acc accordion_wrapper  toggle\"><div class=\"question\"><div class=\"title\"><i class=\"icon-plus acc-icon-plus\" aria-hidden=\"true\"><\/i><i class=\"icon-minus acc-icon-minus\" aria-hidden=\"true\"><\/i>Produktdaten<\/div><div class=\"answer\">EAN 8425160336752<\/p>\n<p>K\u00dcCHENTIMER SCHWARZ\/CHROM RUND 25CM K\u00dcKEN<\/p>\n<p>Packeinheit 1<br \/>\nFarbe Silber \/ Schwarz<br \/>\nVerpackung Neutrale Box<br \/>\nSpannung 1,5 V<br \/>\nGro\u00dfes Format<br \/>\nAbmessungen \u00d8 300 mm<br \/>\nMaterial Kunststoff<br \/>\nBatteriebetrieben Ja<br \/>\nBatterien enthalten Ja<br \/>\nGewicht 0,57 kg.<\/div><\/div>\n<\/div><\/div>\n<br \/>\n<div class=\"accordion\"><div class=\"mfn-acc accordion_wrapper  toggle\"><div class=\"question\"><div class=\"title\"><i class=\"icon-plus acc-icon-plus\" aria-hidden=\"true\"><\/i><i class=\"icon-minus acc-icon-minus\" aria-hidden=\"true\"><\/i>Zubeh\u00f6r<\/div><div class=\"answer\"><\/div><\/div>\n<\/div><\/div>\n<\/p>\n<div class=\"descargas-producto\"><a href=\"\/wp-content\/uploads\/pdf\/8425160336752_ficha_tecnica.pdf\" target=\"_blank\" rel=\"noopener noreferrer\"><br \/>\n<img loading=\"lazy\" decoding=\"async\" src=\"\/wp-content\/uploads\/2019\/12\/picto-descarrega.png\" alt=\"Datenblatt herunterladen\" width=\"23\" height=\"16\" \/>Blatt herunterladen<\/a><a href=\"\/wp-content\/uploads\/pdf\/home\" target=\"_blank\" rel=\"noopener noreferrer\"><br \/>\n<img loading=\"lazy\" decoding=\"async\" src=\"\/wp-content\/uploads\/2019\/12\/picto-descarrega.png\" alt=\"Gebrauchsanweisung herunterladen\" width=\"23\" height=\"16\" \/>Handbuch herunterladen<\/a><\/div>\n<div><\/div>\n<div><span style=\"color: #bf2121\">Folgen Sie uns auf den sozialen Medien!<\/span><\/div>\n<div><a href=\"https:\/\/www.instagram.com\/kuken_appliances\/\">https:\/\/www.instagram.com\/kuken_appliances\/<\/a><\/div>","protected":false},"excerpt":{"rendered":"<p data-start=\"455\" data-end=\"609\">Estilo y precisi\u00f3n en tu cocina. Este reloj combina dise\u00f1o moderno con lectura clara y funcionamiento silencioso, ideal para cualquier ambiente dom\u00e9stico.<\/p>\n<p data-start=\"611\" data-end=\"687\">","protected":false},"featured_media":3592,"template":"","meta":{"rs_blank_template":"","rs_page_bg_color":"","slide_template_v7":""},"product_brand":[],"product_cat":[219],"product_tag":[],"class_list":{"0":"post-3591","1":"product","2":"type-product","3":"status-publish","4":"has-post-thumbnail","6":"product_cat-relojes-de-hogar","8":"first","9":"instock","10":"product-type-simple"},"yoast_head":"<!-- This site is optimized with the Yoast SEO Premium plugin v24.0 (Yoast SEO v27.3) - https:\/\/yoast.com\/product\/yoast-seo-premium-wordpress\/ -->\n<title>RELOJ COCINA NEGRO\/CROMO REDONDO 25CM K\u00dcKEN - K\u00fcken<\/title>\n<meta name=\"description\" content=\"Descubre el nuevo y elegante reloj de cocina negro cromo k\u00fcken. Dale a tu cocina un toque diferente con relojes de dise\u00f1o. Encuentra el tuyo ahora.\" \/>\n<meta name=\"robots\" content=\"noindex, follow, max-snippet:-1, max-image-preview:large, max-video-preview:-1\" \/>\n<meta property=\"og:locale\" content=\"de_DE\" \/>\n<meta property=\"og:type\" content=\"article\" \/>\n<meta property=\"og:title\" content=\"RELOJ COCINA NEGRO\/CROMO REDONDO 25CM K\u00dcKEN\" \/>\n<meta property=\"og:description\" content=\"Descubre el nuevo y elegante reloj de cocina negro cromo k\u00fcken. Dale a tu cocina un toque diferente con relojes de dise\u00f1o. Encuentra el tuyo ahora.\" \/>\n<meta property=\"og:url\" content=\"https:\/\/dev.kuken.es\/de\/produkt\/uhr-kuechen-schwarz-chrom-rund-25cm-kuken\/\" \/>\n<meta property=\"og:site_name\" content=\"K\u00fcken\" \/>\n<meta property=\"article:publisher\" content=\"https:\/\/es-es.facebook.com\/alfadyser\/\" \/>\n<meta property=\"article:modified_time\" content=\"2025-07-23T07:14:00+00:00\" \/>\n<meta property=\"og:image\" content=\"https:\/\/dev.kuken.es\/wp-content\/uploads\/2020\/03\/RELOJ-COCINA-NEGROCROMO-REDONDO-25CM-KUKEN.jpg\" \/>\n\t<meta property=\"og:image:width\" content=\"853\" \/>\n\t<meta property=\"og:image:height\" content=\"853\" \/>\n\t<meta property=\"og:image:type\" content=\"image\/jpeg\" \/>\n<meta name=\"twitter:card\" content=\"summary_large_image\" \/>\n<meta name=\"twitter:label1\" content=\"Preis\" \/>\n\t<meta name=\"twitter:data1\" content=\"\" \/>\n\t<meta name=\"twitter:label2\" content=\"Verf\u00fcgbarkeit\" \/>\n\t<meta name=\"twitter:data2\" content=\"Auf Lager\" \/>\n<script type=\"application\/ld+json\" class=\"yoast-schema-graph\">{\"@context\":\"https:\\\/\\\/schema.org\",\"@graph\":[{\"@type\":\"WebPage\",\"@id\":\"https:\\\/\\\/dev.kuken.es\\\/producto\\\/reloj-cocina-negro-cromo-redondo-25cm-kuken\\\/\",\"url\":\"https:\\\/\\\/dev.kuken.es\\\/producto\\\/reloj-cocina-negro-cromo-redondo-25cm-kuken\\\/\",\"name\":\"RELOJ COCINA NEGRO\\\/CROMO REDONDO 25CM K\u00dcKEN - K\u00fcken\",\"isPartOf\":{\"@id\":\"https:\\\/\\\/dev.kuken.es\\\/#website\"},\"primaryImageOfPage\":{\"@id\":\"https:\\\/\\\/dev.kuken.es\\\/producto\\\/reloj-cocina-negro-cromo-redondo-25cm-kuken\\\/#primaryimage\"},\"image\":{\"@id\":\"https:\\\/\\\/dev.kuken.es\\\/producto\\\/reloj-cocina-negro-cromo-redondo-25cm-kuken\\\/#primaryimage\"},\"thumbnailUrl\":\"https:\\\/\\\/dev.kuken.es\\\/wp-content\\\/uploads\\\/2020\\\/03\\\/RELOJ-COCINA-NEGROCROMO-REDONDO-25CM-KUKEN.jpg\",\"datePublished\":\"2020-03-02T09:31:51+00:00\",\"dateModified\":\"2025-07-23T07:14:00+00:00\",\"description\":\"Descubre el nuevo y elegante reloj de cocina negro cromo k\u00fcken. Dale a tu cocina un toque diferente con relojes de dise\u00f1o. Encuentra el tuyo ahora.\",\"breadcrumb\":{\"@id\":\"https:\\\/\\\/dev.kuken.es\\\/producto\\\/reloj-cocina-negro-cromo-redondo-25cm-kuken\\\/#breadcrumb\"},\"inLanguage\":\"de\",\"potentialAction\":[{\"@type\":\"ReadAction\",\"target\":[\"https:\\\/\\\/dev.kuken.es\\\/producto\\\/reloj-cocina-negro-cromo-redondo-25cm-kuken\\\/\"]}]},{\"@type\":\"ImageObject\",\"inLanguage\":\"de\",\"@id\":\"https:\\\/\\\/dev.kuken.es\\\/producto\\\/reloj-cocina-negro-cromo-redondo-25cm-kuken\\\/#primaryimage\",\"url\":\"https:\\\/\\\/dev.kuken.es\\\/wp-content\\\/uploads\\\/2020\\\/03\\\/RELOJ-COCINA-NEGROCROMO-REDONDO-25CM-KUKEN.jpg\",\"contentUrl\":\"https:\\\/\\\/dev.kuken.es\\\/wp-content\\\/uploads\\\/2020\\\/03\\\/RELOJ-COCINA-NEGROCROMO-REDONDO-25CM-KUKEN.jpg\",\"width\":853,\"height\":853,\"caption\":\"Reloj de cocina k\u00fcken cromado\"},{\"@type\":\"BreadcrumbList\",\"@id\":\"https:\\\/\\\/dev.kuken.es\\\/producto\\\/reloj-cocina-negro-cromo-redondo-25cm-kuken\\\/#breadcrumb\",\"itemListElement\":[{\"@type\":\"ListItem\",\"position\":1,\"name\":\"Portada\",\"item\":\"https:\\\/\\\/dev.kuken.es\\\/\"},{\"@type\":\"ListItem\",\"position\":2,\"name\":\"Productos\",\"item\":\"https:\\\/\\\/dev.kuken.es\\\/productos\\\/\"},{\"@type\":\"ListItem\",\"position\":3,\"name\":\"RELOJ COCINA NEGRO\\\/CROMO REDONDO 25CM K\u00dcKEN\"}]},{\"@type\":\"WebSite\",\"@id\":\"https:\\\/\\\/dev.kuken.es\\\/#website\",\"url\":\"https:\\\/\\\/dev.kuken.es\\\/\",\"name\":\"K\u00fcken\",\"description\":\"Amplia gama de peque\u00f1o electrodom\u00e9stico k\u00fcken\",\"publisher\":{\"@id\":\"https:\\\/\\\/dev.kuken.es\\\/#organization\"},\"potentialAction\":[{\"@type\":\"SearchAction\",\"target\":{\"@type\":\"EntryPoint\",\"urlTemplate\":\"https:\\\/\\\/dev.kuken.es\\\/?s={search_term_string}\"},\"query-input\":{\"@type\":\"PropertyValueSpecification\",\"valueRequired\":true,\"valueName\":\"search_term_string\"}}],\"inLanguage\":\"de\"},{\"@type\":\"Organization\",\"@id\":\"https:\\\/\\\/dev.kuken.es\\\/#organization\",\"name\":\"Alfa Dyser\",\"url\":\"https:\\\/\\\/dev.kuken.es\\\/\",\"logo\":{\"@type\":\"ImageObject\",\"inLanguage\":\"de\",\"@id\":\"https:\\\/\\\/dev.kuken.es\\\/#\\\/schema\\\/logo\\\/image\\\/\",\"url\":\"https:\\\/\\\/dev.kuken.es\\\/wp-content\\\/uploads\\\/2019\\\/04\\\/kuken-logo.png\",\"contentUrl\":\"https:\\\/\\\/dev.kuken.es\\\/wp-content\\\/uploads\\\/2019\\\/04\\\/kuken-logo.png\",\"width\":500,\"height\":191,\"caption\":\"Alfa Dyser\"},\"image\":{\"@id\":\"https:\\\/\\\/dev.kuken.es\\\/#\\\/schema\\\/logo\\\/image\\\/\"},\"sameAs\":[\"https:\\\/\\\/es-es.facebook.com\\\/alfadyser\\\/\",\"https:\\\/\\\/www.instagram.com\\\/kuken_appliances\\\/\"]}]}<\/script>\n<meta property=\"product:price:currency\" content=\"EUR\" \/>\n<meta property=\"og:availability\" content=\"instock\" \/>\n<meta property=\"product:availability\" content=\"instock\" \/>\n<meta property=\"product:retailer_item_id\" content=\"33675\" \/>\n<meta property=\"product:condition\" content=\"new\" \/>\n<!-- \/ Yoast SEO Premium plugin. -->","yoast_head_json":{"title":"K\u00dcKEN K\u00dcCHEN K\u00dcCHENUHR SCHWARZ\/KROMO RUND 25CM - K\u00fcken","description":"Entdecken Sie die neue und elegante k\u00fcken K\u00fcchenuhr in schwarzem Chrom. Verleihen Sie Ihrer K\u00fcche mit Designer-Uhren eine andere Note. Finden Sie Ihre jetzt.","robots":{"index":"noindex","follow":"follow","max-snippet":"max-snippet:-1","max-image-preview":"max-image-preview:large","max-video-preview":"max-video-preview:-1"},"og_locale":"de_DE","og_type":"article","og_title":"RELOJ COCINA NEGRO\/CROMO REDONDO 25CM K\u00dcKEN","og_description":"Descubre el nuevo y elegante reloj de cocina negro cromo k\u00fcken. Dale a tu cocina un toque diferente con relojes de dise\u00f1o. Encuentra el tuyo ahora.","og_url":"https:\/\/dev.kuken.es\/de\/produkt\/uhr-kuechen-schwarz-chrom-rund-25cm-kuken\/","og_site_name":"K\u00fcken","article_publisher":"https:\/\/es-es.facebook.com\/alfadyser\/","article_modified_time":"2025-07-23T07:14:00+00:00","og_image":[{"width":853,"height":853,"url":"https:\/\/dev.kuken.es\/wp-content\/uploads\/2020\/03\/RELOJ-COCINA-NEGROCROMO-REDONDO-25CM-KUKEN.jpg","type":"image\/jpeg"}],"twitter_card":"summary_large_image","twitter_misc":{"Preis":"","Verf\u00fcgbarkeit":"Auf Lager"},"schema":{"@context":"https:\/\/schema.org","@graph":[{"@type":"WebPage","@id":"https:\/\/dev.kuken.es\/producto\/reloj-cocina-negro-cromo-redondo-25cm-kuken\/","url":"https:\/\/dev.kuken.es\/producto\/reloj-cocina-negro-cromo-redondo-25cm-kuken\/","name":"K\u00dcKEN K\u00dcCHEN K\u00dcCHENUHR SCHWARZ\/KROMO RUND 25CM - K\u00fcken","isPartOf":{"@id":"https:\/\/dev.kuken.es\/#website"},"primaryImageOfPage":{"@id":"https:\/\/dev.kuken.es\/producto\/reloj-cocina-negro-cromo-redondo-25cm-kuken\/#primaryimage"},"image":{"@id":"https:\/\/dev.kuken.es\/producto\/reloj-cocina-negro-cromo-redondo-25cm-kuken\/#primaryimage"},"thumbnailUrl":"https:\/\/dev.kuken.es\/wp-content\/uploads\/2020\/03\/RELOJ-COCINA-NEGROCROMO-REDONDO-25CM-KUKEN.jpg","datePublished":"2020-03-02T09:31:51+00:00","dateModified":"2025-07-23T07:14:00+00:00","description":"Entdecken Sie die neue und elegante k\u00fcken K\u00fcchenuhr in schwarzem Chrom. Verleihen Sie Ihrer K\u00fcche mit Designer-Uhren eine andere Note. Finden Sie Ihre jetzt.","breadcrumb":{"@id":"https:\/\/dev.kuken.es\/producto\/reloj-cocina-negro-cromo-redondo-25cm-kuken\/#breadcrumb"},"inLanguage":"de","potentialAction":[{"@type":"ReadAction","target":["https:\/\/dev.kuken.es\/producto\/reloj-cocina-negro-cromo-redondo-25cm-kuken\/"]}]},{"@type":"ImageObject","inLanguage":"de","@id":"https:\/\/dev.kuken.es\/producto\/reloj-cocina-negro-cromo-redondo-25cm-kuken\/#primaryimage","url":"https:\/\/dev.kuken.es\/wp-content\/uploads\/2020\/03\/RELOJ-COCINA-NEGROCROMO-REDONDO-25CM-KUKEN.jpg","contentUrl":"https:\/\/dev.kuken.es\/wp-content\/uploads\/2020\/03\/RELOJ-COCINA-NEGROCROMO-REDONDO-25CM-KUKEN.jpg","width":853,"height":853,"caption":"Reloj de cocina k\u00fcken cromado"},{"@type":"BreadcrumbList","@id":"https:\/\/dev.kuken.es\/producto\/reloj-cocina-negro-cromo-redondo-25cm-kuken\/#breadcrumb","itemListElement":[{"@type":"ListItem","position":1,"name":"Portada","item":"https:\/\/dev.kuken.es\/"},{"@type":"ListItem","position":2,"name":"Productos","item":"https:\/\/dev.kuken.es\/productos\/"},{"@type":"ListItem","position":3,"name":"RELOJ COCINA NEGRO\/CROMO REDONDO 25CM K\u00dcKEN"}]},{"@type":"WebSite","@id":"https:\/\/dev.kuken.es\/#website","url":"https:\/\/dev.kuken.es\/","name":"K\u00fcken","description":"Gro\u00dfe Auswahl an k\u00fcken Haushaltskleinger\u00e4ten","publisher":{"@id":"https:\/\/dev.kuken.es\/#organization"},"potentialAction":[{"@type":"SearchAction","target":{"@type":"EntryPoint","urlTemplate":"https:\/\/dev.kuken.es\/?s={search_term_string}"},"query-input":{"@type":"PropertyValueSpecification","valueRequired":true,"valueName":"search_term_string"}}],"inLanguage":"de"},{"@type":"Organization","@id":"https:\/\/dev.kuken.es\/#organization","name":"Alpha Dyser","url":"https:\/\/dev.kuken.es\/","logo":{"@type":"ImageObject","inLanguage":"de","@id":"https:\/\/dev.kuken.es\/#\/schema\/logo\/image\/","url":"https:\/\/dev.kuken.es\/wp-content\/uploads\/2019\/04\/kuken-logo.png","contentUrl":"https:\/\/dev.kuken.es\/wp-content\/uploads\/2019\/04\/kuken-logo.png","width":500,"height":191,"caption":"Alfa Dyser"},"image":{"@id":"https:\/\/dev.kuken.es\/#\/schema\/logo\/image\/"},"sameAs":["https:\/\/es-es.facebook.com\/alfadyser\/","https:\/\/www.instagram.com\/kuken_appliances\/"]}]},"product_price_currency":"EUR","og_availability":"instock","product_availability":"instock","product_retailer_item_id":"33675","product_condition":"new"},"_links":{"self":[{"href":"https:\/\/dev.kuken.es\/de\/wp-json\/wp\/v2\/product\/3591","targetHints":{"allow":["GET"]}}],"collection":[{"href":"https:\/\/dev.kuken.es\/de\/wp-json\/wp\/v2\/product"}],"about":[{"href":"https:\/\/dev.kuken.es\/de\/wp-json\/wp\/v2\/types\/product"}],"wp:featuredmedia":[{"embeddable":true,"href":"https:\/\/dev.kuken.es\/de\/wp-json\/wp\/v2\/media\/3592"}],"wp:attachment":[{"href":"https:\/\/dev.kuken.es\/de\/wp-json\/wp\/v2\/media?parent=3591"}],"wp:term":[{"taxonomy":"product_brand","embeddable":true,"href":"https:\/\/dev.kuken.es\/de\/wp-json\/wp\/v2\/product_brand?post=3591"},{"taxonomy":"product_cat","embeddable":true,"href":"https:\/\/dev.kuken.es\/de\/wp-json\/wp\/v2\/product_cat?post=3591"},{"taxonomy":"product_tag","embeddable":true,"href":"https:\/\/dev.kuken.es\/de\/wp-json\/wp\/v2\/product_tag?post=3591"}],"curies":[{"name":"wp","href":"https:\/\/api.w.org\/{rel}","templated":true}]}}