{"id":3278,"date":"2020-03-02T10:01:59","date_gmt":"2020-03-02T09:01:59","guid":{"rendered":"https:\/\/dev.kuken.es\/producto\/horno-electrico-45-litros-2000w-kuken\/"},"modified":"2025-07-23T11:25:56","modified_gmt":"2025-07-23T09:25:56","slug":"oven-electric-black-45-litre-2000w-kuken","status":"publish","type":"product","link":"https:\/\/dev.kuken.es\/de\/producto\/horno-electrico-negro-45-litros-2000w-kuken\/","title":{"rendered":"ELEKTROBACKOFEN SCHWARZ 45 LITER 2000W K\u00dcKEN"},"content":{"rendered":"<p>ELEKTROBACKOFEN SCHWARZ 45 LITER 2000W K\u00dcKEN<\/p>\n<ul>\n<li data-start=\"760\" data-end=\"848\">\n<p data-start=\"762\" data-end=\"848\">Interior y exterior fabricados en acero inoxidable, duradero y f\u00e1cil de limpiar.<\/p>\n<\/li>\n<li data-start=\"849\" data-end=\"921\">\n<p data-start=\"851\" data-end=\"921\">Acabado negro exterior, elegante y adaptable a cualquier cocina.<\/p>\n<\/li>\n<li data-start=\"922\" data-end=\"1009\">\n<p data-start=\"924\" data-end=\"1009\">Capacidad de 45 litros, ideal para preparar recetas grandes o m\u00faltiples platos.<\/p>\n<\/li>\n<li data-start=\"1010\" data-end=\"1086\">\n<p data-start=\"1012\" data-end=\"1086\">Puerta con doble cristal de seguridad, transparente y anti cal\u00f3rica.<\/p>\n<\/li>\n<li data-start=\"1087\" data-end=\"1161\">\n<p data-start=\"1089\" data-end=\"1161\">Asa en acero inoxidable con tacto fr\u00edo, evita quemaduras al abrir.<\/p>\n<\/li>\n<li data-start=\"1162\" data-end=\"1248\">\n<p data-start=\"1164\" data-end=\"1248\">Temporizador de hasta 60 minutos, controla el tiempo de cocci\u00f3n con precisi\u00f3n.<\/p>\n<\/li>\n<li data-start=\"1249\" data-end=\"1338\">\n<p data-start=\"1251\" data-end=\"1338\">Regulador de temperatura de 100\u202f\u00b0C a 230\u202f\u00b0C, para todo tipo de elaboraciones.<\/p>\n<\/li>\n<li data-start=\"1339\" data-end=\"1434\">\n<p data-start=\"1341\" data-end=\"1434\">6 posiciones de calor + grill: calor superior, inferior, combinado, con y sin rustidor.<\/p>\n<\/li>\n<li data-start=\"1435\" data-end=\"1505\">\n<p data-start=\"1437\" data-end=\"1505\">Patas antideslizantes, aseguran estabilidad sobre la encimera.<\/p>\n<\/li>\n<li data-start=\"1506\" data-end=\"1563\">\n<p data-start=\"1508\" data-end=\"1563\">Potencia de 2000W, para un rendimiento profesional.<\/p>\n<\/li>\n<\/ul>\n<p><div class=\"accordion\"><div class=\"mfn-acc accordion_wrapper  toggle\"><div class=\"question\"><div class=\"title\"><i class=\"icon-plus acc-icon-plus\" aria-hidden=\"true\"><\/i><i class=\"icon-minus acc-icon-minus\" aria-hidden=\"true\"><\/i>Produktdaten<\/div><div class=\"answer\">EAN 8425160335946<\/p>\n<p>ELEKTROBACKOFEN SCHWARZ 45 LITER 2000W K\u00dcKEN<\/p>\n<p>Packeinheit 1<br \/>\nFarbe Schwarz<br \/>\nVerpackung Farbige Schachtel<br \/>\nLeistung 1800 W<br \/>\nSpannung 230 V<br \/>\nGro\u00dfes Format<br \/>\nAbmessungen 550mm (Breite) \/ 360mm (H\u00f6he) \/ 315mm (Tiefe) Fassungsverm\u00f6gen 45 Liter<br \/>\nMaterial Lackiertes Aluminium<br \/>\nRutschfeste F\u00fc\u00dfe Ja<br \/>\nGeschwindigkeit 6<br \/>\nProgrammierbare Zeitschaltuhr Ja<br \/>\nH\u00f6chsttemperatur 250\u2070C<br \/>\nGewicht 9,1 kg.<\/div><\/div>\n<\/div><\/div>\n<br \/>\n<div class=\"accordion\"><div class=\"mfn-acc accordion_wrapper  toggle\"><div class=\"question\"><div class=\"title\"><i class=\"icon-plus acc-icon-plus\" aria-hidden=\"true\"><\/i><i class=\"icon-minus acc-icon-minus\" aria-hidden=\"true\"><\/i>Zubeh\u00f6r<\/div><div class=\"answer\">Backblech.<br \/>\nGitter aus rostfreiem Stahl.<br \/>\nGriffe f\u00fcr Tabletts.<br \/>\nBratger\u00e4t f\u00fcr Fleisch.<\/div><\/div>\n<\/div><\/div>\n<\/p>\n<div class=\"descargas-producto\"><a href=\"\/wp-content\/uploads\/pdf\/8425160335946_ficha_tecnica.pdf\" target=\"_blank\" rel=\"noopener noreferrer\"><br \/>\n<img loading=\"lazy\" decoding=\"async\" src=\"\/wp-content\/uploads\/2019\/12\/picto-descarrega.png\" alt=\"Datenblatt herunterladen\" width=\"23\" height=\"16\" \/>Blatt herunterladen<\/a><br \/>\n<a href=\"\/wp-content\/uploads\/pdf\/33594.pdf\"><img loading=\"lazy\" decoding=\"async\" src=\"\/wp-content\/uploads\/2019\/12\/picto-descarrega.png\" alt=\"Gebrauchsanweisung herunterladen\" width=\"23\" height=\"16\" \/>Handbuch herunterladen<\/a><\/div>\n<div><\/div>\n<div><span style=\"color: #bf2121\">Folgen Sie uns auf den sozialen Medien!<\/span><\/div>\n<div><a href=\"https:\/\/www.instagram.com\/kuken_appliances\/\">https:\/\/www.instagram.com\/kuken_appliances\/<\/a><\/div>","protected":false},"excerpt":{"rendered":"<p data-start=\"460\" data-end=\"613\">Vers\u00e1til y robusto, ideal para asar, hornear o gratinar. Con gran capacidad, m\u00faltiples funciones de calor y acabado negro elegante con detalles en acero.<\/p>\n<p data-start=\"615\" data-end=\"686\">","protected":false},"featured_media":10064,"template":"","meta":{"rs_blank_template":"","rs_page_bg_color":"","slide_template_v7":""},"product_brand":[],"product_cat":[196],"product_tag":[],"class_list":{"0":"post-3278","1":"product","2":"type-product","3":"status-publish","4":"has-post-thumbnail","6":"product_cat-hornos-microondas","8":"first","9":"instock","10":"product-type-simple"},"yoast_head":"<!-- This site is optimized with the Yoast SEO Premium plugin v24.0 (Yoast SEO v27.3) - https:\/\/yoast.com\/product\/yoast-seo-premium-wordpress\/ -->\n<title>HORNO EL\u00c9CTRICO NEGRO 45 LITROS 2000W K\u00dcKEN - K\u00fcken<\/title>\n<meta name=\"description\" content=\"Exclusivo horno el\u00e9ctrico k\u00fcken negro. Prepara deliciosos platos de manera r\u00e1pida y f\u00e1cil. Descubre su nuevo dise\u00f1o con acabado en negro.\" \/>\n<meta name=\"robots\" content=\"noindex, follow, max-snippet:-1, max-image-preview:large, max-video-preview:-1\" \/>\n<meta property=\"og:locale\" content=\"de_DE\" \/>\n<meta property=\"og:type\" content=\"article\" \/>\n<meta property=\"og:title\" content=\"HORNO EL\u00c9CTRICO NEGRO 45 LITROS 2000W K\u00dcKEN\" \/>\n<meta property=\"og:description\" content=\"Exclusivo horno el\u00e9ctrico k\u00fcken negro. Prepara deliciosos platos de manera r\u00e1pida y f\u00e1cil. Descubre su nuevo dise\u00f1o con acabado en negro.\" \/>\n<meta property=\"og:url\" content=\"https:\/\/dev.kuken.es\/de\/produkt\/oven-electric-black-45-litre-2000w-kuken\/\" \/>\n<meta property=\"og:site_name\" content=\"K\u00fcken\" \/>\n<meta property=\"article:publisher\" content=\"https:\/\/es-es.facebook.com\/alfadyser\/\" \/>\n<meta property=\"article:modified_time\" content=\"2025-07-23T09:25:56+00:00\" \/>\n<meta property=\"og:image\" content=\"https:\/\/dev.kuken.es\/wp-content\/uploads\/8425160335946_01.jpg\" \/>\n\t<meta property=\"og:image:width\" content=\"2000\" \/>\n\t<meta property=\"og:image:height\" content=\"2000\" \/>\n\t<meta property=\"og:image:type\" content=\"image\/jpeg\" \/>\n<meta name=\"twitter:card\" content=\"summary_large_image\" \/>\n<meta name=\"twitter:label1\" content=\"Preis\" \/>\n\t<meta name=\"twitter:data1\" content=\"\" \/>\n\t<meta name=\"twitter:label2\" content=\"Verf\u00fcgbarkeit\" \/>\n\t<meta name=\"twitter:data2\" content=\"Auf Lager\" \/>\n<script type=\"application\/ld+json\" class=\"yoast-schema-graph\">{\"@context\":\"https:\\\/\\\/schema.org\",\"@graph\":[{\"@type\":\"WebPage\",\"@id\":\"https:\\\/\\\/dev.kuken.es\\\/producto\\\/horno-electrico-negro-45-litros-2000w-kuken\\\/\",\"url\":\"https:\\\/\\\/dev.kuken.es\\\/producto\\\/horno-electrico-negro-45-litros-2000w-kuken\\\/\",\"name\":\"HORNO EL\u00c9CTRICO NEGRO 45 LITROS 2000W K\u00dcKEN - K\u00fcken\",\"isPartOf\":{\"@id\":\"https:\\\/\\\/dev.kuken.es\\\/#website\"},\"primaryImageOfPage\":{\"@id\":\"https:\\\/\\\/dev.kuken.es\\\/producto\\\/horno-electrico-negro-45-litros-2000w-kuken\\\/#primaryimage\"},\"image\":{\"@id\":\"https:\\\/\\\/dev.kuken.es\\\/producto\\\/horno-electrico-negro-45-litros-2000w-kuken\\\/#primaryimage\"},\"thumbnailUrl\":\"https:\\\/\\\/dev.kuken.es\\\/wp-content\\\/uploads\\\/8425160335946_01.jpg\",\"datePublished\":\"2020-03-02T09:01:59+00:00\",\"dateModified\":\"2025-07-23T09:25:56+00:00\",\"description\":\"Exclusivo horno el\u00e9ctrico k\u00fcken negro. Prepara deliciosos platos de manera r\u00e1pida y f\u00e1cil. Descubre su nuevo dise\u00f1o con acabado en negro.\",\"breadcrumb\":{\"@id\":\"https:\\\/\\\/dev.kuken.es\\\/producto\\\/horno-electrico-negro-45-litros-2000w-kuken\\\/#breadcrumb\"},\"inLanguage\":\"de\",\"potentialAction\":[{\"@type\":\"ReadAction\",\"target\":[\"https:\\\/\\\/dev.kuken.es\\\/producto\\\/horno-electrico-negro-45-litros-2000w-kuken\\\/\"]}]},{\"@type\":\"ImageObject\",\"inLanguage\":\"de\",\"@id\":\"https:\\\/\\\/dev.kuken.es\\\/producto\\\/horno-electrico-negro-45-litros-2000w-kuken\\\/#primaryimage\",\"url\":\"https:\\\/\\\/dev.kuken.es\\\/wp-content\\\/uploads\\\/8425160335946_01.jpg\",\"contentUrl\":\"https:\\\/\\\/dev.kuken.es\\\/wp-content\\\/uploads\\\/8425160335946_01.jpg\",\"width\":2000,\"height\":2000},{\"@type\":\"BreadcrumbList\",\"@id\":\"https:\\\/\\\/dev.kuken.es\\\/producto\\\/horno-electrico-negro-45-litros-2000w-kuken\\\/#breadcrumb\",\"itemListElement\":[{\"@type\":\"ListItem\",\"position\":1,\"name\":\"Portada\",\"item\":\"https:\\\/\\\/dev.kuken.es\\\/\"},{\"@type\":\"ListItem\",\"position\":2,\"name\":\"Productos\",\"item\":\"https:\\\/\\\/dev.kuken.es\\\/productos\\\/\"},{\"@type\":\"ListItem\",\"position\":3,\"name\":\"HORNO EL\u00c9CTRICO NEGRO 45 LITROS 2000W K\u00dcKEN\"}]},{\"@type\":\"WebSite\",\"@id\":\"https:\\\/\\\/dev.kuken.es\\\/#website\",\"url\":\"https:\\\/\\\/dev.kuken.es\\\/\",\"name\":\"K\u00fcken\",\"description\":\"Amplia gama de peque\u00f1o electrodom\u00e9stico k\u00fcken\",\"publisher\":{\"@id\":\"https:\\\/\\\/dev.kuken.es\\\/#organization\"},\"potentialAction\":[{\"@type\":\"SearchAction\",\"target\":{\"@type\":\"EntryPoint\",\"urlTemplate\":\"https:\\\/\\\/dev.kuken.es\\\/?s={search_term_string}\"},\"query-input\":{\"@type\":\"PropertyValueSpecification\",\"valueRequired\":true,\"valueName\":\"search_term_string\"}}],\"inLanguage\":\"de\"},{\"@type\":\"Organization\",\"@id\":\"https:\\\/\\\/dev.kuken.es\\\/#organization\",\"name\":\"Alfa Dyser\",\"url\":\"https:\\\/\\\/dev.kuken.es\\\/\",\"logo\":{\"@type\":\"ImageObject\",\"inLanguage\":\"de\",\"@id\":\"https:\\\/\\\/dev.kuken.es\\\/#\\\/schema\\\/logo\\\/image\\\/\",\"url\":\"https:\\\/\\\/dev.kuken.es\\\/wp-content\\\/uploads\\\/2019\\\/04\\\/kuken-logo.png\",\"contentUrl\":\"https:\\\/\\\/dev.kuken.es\\\/wp-content\\\/uploads\\\/2019\\\/04\\\/kuken-logo.png\",\"width\":500,\"height\":191,\"caption\":\"Alfa Dyser\"},\"image\":{\"@id\":\"https:\\\/\\\/dev.kuken.es\\\/#\\\/schema\\\/logo\\\/image\\\/\"},\"sameAs\":[\"https:\\\/\\\/es-es.facebook.com\\\/alfadyser\\\/\",\"https:\\\/\\\/www.instagram.com\\\/kuken_appliances\\\/\"]}]}<\/script>\n<meta property=\"product:price:currency\" content=\"EUR\" \/>\n<meta property=\"og:availability\" content=\"instock\" \/>\n<meta property=\"product:availability\" content=\"instock\" \/>\n<meta property=\"product:retailer_item_id\" content=\"33594\" \/>\n<meta property=\"product:condition\" content=\"new\" \/>\n<!-- \/ Yoast SEO Premium plugin. -->","yoast_head_json":{"title":"SCHWARZER ELEKTROBACKOFEN 45 LITRE 2000W K\u00dcKEN - K\u00fcken","description":"Exklusiver k\u00fcken Elektrobackofen schwarz. Bereiten Sie schnell und einfach k\u00f6stliche Gerichte zu. Entdecken Sie sein neues Design mit schwarzer Oberfl\u00e4che.","robots":{"index":"noindex","follow":"follow","max-snippet":"max-snippet:-1","max-image-preview":"max-image-preview:large","max-video-preview":"max-video-preview:-1"},"og_locale":"de_DE","og_type":"article","og_title":"HORNO EL\u00c9CTRICO NEGRO 45 LITROS 2000W K\u00dcKEN","og_description":"Exclusivo horno el\u00e9ctrico k\u00fcken negro. Prepara deliciosos platos de manera r\u00e1pida y f\u00e1cil. Descubre su nuevo dise\u00f1o con acabado en negro.","og_url":"https:\/\/dev.kuken.es\/de\/produkt\/oven-electric-black-45-litre-2000w-kuken\/","og_site_name":"K\u00fcken","article_publisher":"https:\/\/es-es.facebook.com\/alfadyser\/","article_modified_time":"2025-07-23T09:25:56+00:00","og_image":[{"width":2000,"height":2000,"url":"https:\/\/dev.kuken.es\/wp-content\/uploads\/8425160335946_01.jpg","type":"image\/jpeg"}],"twitter_card":"summary_large_image","twitter_misc":{"Preis":"","Verf\u00fcgbarkeit":"Auf Lager"},"schema":{"@context":"https:\/\/schema.org","@graph":[{"@type":"WebPage","@id":"https:\/\/dev.kuken.es\/producto\/horno-electrico-negro-45-litros-2000w-kuken\/","url":"https:\/\/dev.kuken.es\/producto\/horno-electrico-negro-45-litros-2000w-kuken\/","name":"SCHWARZER ELEKTROBACKOFEN 45 LITRE 2000W K\u00dcKEN - K\u00fcken","isPartOf":{"@id":"https:\/\/dev.kuken.es\/#website"},"primaryImageOfPage":{"@id":"https:\/\/dev.kuken.es\/producto\/horno-electrico-negro-45-litros-2000w-kuken\/#primaryimage"},"image":{"@id":"https:\/\/dev.kuken.es\/producto\/horno-electrico-negro-45-litros-2000w-kuken\/#primaryimage"},"thumbnailUrl":"https:\/\/dev.kuken.es\/wp-content\/uploads\/8425160335946_01.jpg","datePublished":"2020-03-02T09:01:59+00:00","dateModified":"2025-07-23T09:25:56+00:00","description":"Exklusiver k\u00fcken Elektrobackofen schwarz. Bereiten Sie schnell und einfach k\u00f6stliche Gerichte zu. Entdecken Sie sein neues Design mit schwarzer Oberfl\u00e4che.","breadcrumb":{"@id":"https:\/\/dev.kuken.es\/producto\/horno-electrico-negro-45-litros-2000w-kuken\/#breadcrumb"},"inLanguage":"de","potentialAction":[{"@type":"ReadAction","target":["https:\/\/dev.kuken.es\/producto\/horno-electrico-negro-45-litros-2000w-kuken\/"]}]},{"@type":"ImageObject","inLanguage":"de","@id":"https:\/\/dev.kuken.es\/producto\/horno-electrico-negro-45-litros-2000w-kuken\/#primaryimage","url":"https:\/\/dev.kuken.es\/wp-content\/uploads\/8425160335946_01.jpg","contentUrl":"https:\/\/dev.kuken.es\/wp-content\/uploads\/8425160335946_01.jpg","width":2000,"height":2000},{"@type":"BreadcrumbList","@id":"https:\/\/dev.kuken.es\/producto\/horno-electrico-negro-45-litros-2000w-kuken\/#breadcrumb","itemListElement":[{"@type":"ListItem","position":1,"name":"Portada","item":"https:\/\/dev.kuken.es\/"},{"@type":"ListItem","position":2,"name":"Productos","item":"https:\/\/dev.kuken.es\/productos\/"},{"@type":"ListItem","position":3,"name":"HORNO EL\u00c9CTRICO NEGRO 45 LITROS 2000W K\u00dcKEN"}]},{"@type":"WebSite","@id":"https:\/\/dev.kuken.es\/#website","url":"https:\/\/dev.kuken.es\/","name":"K\u00fcken","description":"Gro\u00dfe Auswahl an k\u00fcken Haushaltskleinger\u00e4ten","publisher":{"@id":"https:\/\/dev.kuken.es\/#organization"},"potentialAction":[{"@type":"SearchAction","target":{"@type":"EntryPoint","urlTemplate":"https:\/\/dev.kuken.es\/?s={search_term_string}"},"query-input":{"@type":"PropertyValueSpecification","valueRequired":true,"valueName":"search_term_string"}}],"inLanguage":"de"},{"@type":"Organization","@id":"https:\/\/dev.kuken.es\/#organization","name":"Alpha Dyser","url":"https:\/\/dev.kuken.es\/","logo":{"@type":"ImageObject","inLanguage":"de","@id":"https:\/\/dev.kuken.es\/#\/schema\/logo\/image\/","url":"https:\/\/dev.kuken.es\/wp-content\/uploads\/2019\/04\/kuken-logo.png","contentUrl":"https:\/\/dev.kuken.es\/wp-content\/uploads\/2019\/04\/kuken-logo.png","width":500,"height":191,"caption":"Alfa Dyser"},"image":{"@id":"https:\/\/dev.kuken.es\/#\/schema\/logo\/image\/"},"sameAs":["https:\/\/es-es.facebook.com\/alfadyser\/","https:\/\/www.instagram.com\/kuken_appliances\/"]}]},"product_price_currency":"EUR","og_availability":"instock","product_availability":"instock","product_retailer_item_id":"33594","product_condition":"new"},"_links":{"self":[{"href":"https:\/\/dev.kuken.es\/de\/wp-json\/wp\/v2\/product\/3278","targetHints":{"allow":["GET"]}}],"collection":[{"href":"https:\/\/dev.kuken.es\/de\/wp-json\/wp\/v2\/product"}],"about":[{"href":"https:\/\/dev.kuken.es\/de\/wp-json\/wp\/v2\/types\/product"}],"wp:featuredmedia":[{"embeddable":true,"href":"https:\/\/dev.kuken.es\/de\/wp-json\/wp\/v2\/media\/10064"}],"wp:attachment":[{"href":"https:\/\/dev.kuken.es\/de\/wp-json\/wp\/v2\/media?parent=3278"}],"wp:term":[{"taxonomy":"product_brand","embeddable":true,"href":"https:\/\/dev.kuken.es\/de\/wp-json\/wp\/v2\/product_brand?post=3278"},{"taxonomy":"product_cat","embeddable":true,"href":"https:\/\/dev.kuken.es\/de\/wp-json\/wp\/v2\/product_cat?post=3278"},{"taxonomy":"product_tag","embeddable":true,"href":"https:\/\/dev.kuken.es\/de\/wp-json\/wp\/v2\/product_tag?post=3278"}],"curies":[{"name":"wp","href":"https:\/\/api.w.org\/{rel}","templated":true}]}}